{"id":12,"date":"2016-03-28T14:42:31","date_gmt":"2016-03-28T14:42:31","guid":{"rendered":"http:\/\/demo.olevmedia.net\/eventerra\/?page_id=12"},"modified":"2023-11-24T11:08:29","modified_gmt":"2023-11-24T14:08:29","slug":"home","status":"publish","type":"page","link":"https:\/\/metrologia2021.org.br\/","title":{"rendered":"Home"},"content":{"rendered":"<p>[vc_row margin_top=&#8221;-1em&#8221;][vc_column width=&#8221;1\/3&#8243; delimiter=&#8221;vline&#8221;][vc_empty_space height=&#8221;2em&#8221;][vc_column_text]<\/p>\n<h2>SOBRE O EVENTO<\/h2>\n<p>Nesta edi\u00e7\u00e3o do <strong>METROLOGIA 2021<\/strong>, o evento ser\u00e1 composto por 6 congressos simult\u00e2neos:<\/p>\n<p><i class=\"fa fa-check-circle\" style=\"color: #005ba7;\"><\/i><strong><a href=\"https:\/\/metrologia2021.org.br\/?page_id=864\"> CBM<\/a> &#8211; <\/strong>11\u00ba Congresso Brasileiro de Metrologia;<br \/>\n<i class=\"fa fa-check-circle\" style=\"color: #005ba7;\"><\/i> <a href=\"https:\/\/metrologia2021.org.br\/?page_id=771\"><strong>SEMETRO<\/strong><\/a> &#8211; XIV Congresso Internacional de Metrologia El\u00e9trica;<strong><br \/>\n<i class=\"fa fa-check-circle\" style=\"color: #005ba7;\"><\/i> <a href=\"https:\/\/metrologia2021.org.br\/?page_id=860\"><strong>CIMMEC<\/strong><\/a><\/strong> &#8211; VI\u00a0Congresso Internacional de Metrologia Mec\u00e2nica;<strong><br \/>\n<i class=\"fa fa-check-circle\" style=\"color: #005ba7;\"><\/i> <strong><a href=\"https:\/\/metrologia2021.org.br\/?page_id=866\">CBMRI<\/a> <\/strong><\/strong>&#8211; VIII &#8211; Congresso Brasileiro de Metrologia das Radia\u00e7\u00f5es Ionizantes ;<strong><strong><strong><br \/>\n<i class=\"fa fa-check-circle\" style=\"color: #005ba7;\"><\/i> <a href=\"https:\/\/metrologia2021.org.br\/?page_id=920\"><strong>Remeq-I <\/strong><\/a><\/strong><\/strong><\/strong>&#8211; VI Workshop da Rede de Metrologia Qu\u00edmica do Inmetro;<strong><strong><strong><br \/>\n<i class=\"fa fa-check-circle\" style=\"color: #005ba7;\"><\/i> <a href=\"https:\/\/metrologia2021.org.br\/?page_id=868\"><strong><strong>CBMO<\/strong><\/strong><\/a><\/strong><\/strong><\/strong> &#8211; IV Congresso Brasileiro de Metrologia \u00d3ptica.[\/vc_column_text][vc_btn title=&#8221;Conhe\u00e7a os eventos&#8221; style=&#8221;flat&#8221; i_icon_fontawesome=&#8221;fa fa-angle-right&#8221; add_icon=&#8221;true&#8221; link=&#8221;url:https%3A%2F%2Fmetrologia2021.org.br%2F%3Fpage_id%3D719|||&#8221;][\/vc_column][vc_column width=&#8221;1\/3&#8243; delimiter=&#8221;vline&#8221;][vc_empty_space height=&#8221;2em&#8221;][vc_column_text]<\/p>\n<h2>PESQUISA DE SATISFA\u00c7\u00c3O<\/h2>\n<p>Este ano, devido as restri\u00e7\u00f5es de distanciamento social, a comiss\u00e3o organizadora do METROLOGIA 2021 optou pela realiza\u00e7\u00e3o do congresso no formato Online\/Ao vivo.<\/p>\n<p>Por ser a primeira vez que o evento ocorre nesta modalidade, sua opini\u00e3o ou sugest\u00e3o ser\u00e3o de grande import\u00e2ncia para pr\u00f3xima de edi\u00e7\u00e3o do nosso Congresso em 2023. Sua opini\u00e3o \u00e9 muito importante para melhoria cont\u00ednua de nosso trabalho.<\/p>\n<p>Muito obrigado![\/vc_column_text][vc_btn title=&#8221;RESPONDER PESQUISA&#8221; uppercase=&#8221;yes&#8221; size=&#8221;lg&#8221; i_icon_fontawesome=&#8221;fa fa-comments&#8221; add_icon=&#8221;true&#8221; link=&#8221;url:http%3A%2F%2Fmetrologia.org.br%2Flimesurvey%2Findex.php%2F617421%3Flang%3Dpt-BR|title:RESPONDER%20PESQUISA|target:%20_blank|&#8221;][\/vc_column][vc_column width=&#8221;1\/3&#8243;][vc_empty_space height=&#8221;2em&#8221;][vc_column_text]<\/p>\n<h2>CERTIFICADOS<\/h2>\n<div class=\"vc_om-table wpb_content_element vc_om-table-style-striped vc_om-table-align-left\">\n<div class=\"wpb_wrapper\"><\/div>\n<\/div>\n<p>[\/vc_column_text][vc_btn title=&#8221;Certificado de Participa\u00e7\u00e3o&#8221; uppercase=&#8221;yes&#8221; color=&#8221;om-accent-color-3&#8243; i_icon_fontawesome=&#8221;fa fa-certificate&#8221; add_icon=&#8221;true&#8221; link=&#8221;url:https%3A%2F%2Fmetrologia.org.br%2Feventos%2Fmetrologia2021%2Fcertificado%2Finscritos_participacao.php|title:Certificado%20de%20Participa%C3%A7%C3%A3o|target:%20_blank|&#8221;][vc_btn title=&#8221;Certificado de Palestrante&#8221; uppercase=&#8221;yes&#8221; color=&#8221;om-accent-color-3&#8243; size=&#8221;sm&#8221; i_icon_fontawesome=&#8221;fa fa-certificate&#8221; add_icon=&#8221;true&#8221; link=&#8221;url:https%3A%2F%2Fmetrologia.org.br%2Feventos%2Fmetrologia2021%2Fcertificado%2Finscritos_palestrante.php|title:Certificado%20de%20Palestrante|target:%20_blank|&#8221;][vc_btn title=&#8221;Certificado Trabalhos S\u00edncronas&#8221; uppercase=&#8221;yes&#8221; color=&#8221;om-accent-color-3&#8243; size=&#8221;sm&#8221; i_icon_fontawesome=&#8221;fa fa-certificate&#8221; add_icon=&#8221;true&#8221; link=&#8221;url:https%3A%2F%2Fmetrologia.org.br%2Feventos%2Fmetrologia2021%2Fcertificado%2Finscritos_trabalhos_sincronas.php|title:Certificado%20Trabalhos%20S%C3%ADncronas|target:%20_blank|&#8221;][vc_btn title=&#8221;Certificado Trabalhos Ass\u00edncronas&#8221; uppercase=&#8221;yes&#8221; color=&#8221;om-accent-color-3&#8243; size=&#8221;sm&#8221; i_icon_fontawesome=&#8221;fa fa-certificate&#8221; add_icon=&#8221;true&#8221; link=&#8221;url:https%3A%2F%2Fmetrologia.org.br%2Feventos%2Fmetrologia2021%2Fcertificado%2Finscritos_trabalhos_assincronas.php|title:Certificado%20Trabalhos%20Ass%C3%ADncronas|target:%20_blank|&#8221;][vc_btn title=&#8221;Certificado de Coordenador de Sess\u00e3o&#8221; uppercase=&#8221;yes&#8221; color=&#8221;om-accent-color-3&#8243; size=&#8221;sm&#8221; i_icon_fontawesome=&#8221;fa fa-certificate&#8221; add_icon=&#8221;true&#8221; link=&#8221;url:https%3A%2F%2Fmetrologia.org.br%2Feventos%2Fmetrologia2021%2Fcertificado%2Finscritos_coordenadores.php|title:Certificado%20de%20Coordenador%20de%20Sess%C3%A3o|target:%20_blank|&#8221;][vc_btn title=&#8221;Certificado de Coordenador de Plen\u00e1ria&#8221; uppercase=&#8221;yes&#8221; color=&#8221;om-accent-color-3&#8243; size=&#8221;sm&#8221; i_icon_fontawesome=&#8221;fa fa-certificate&#8221; add_icon=&#8221;true&#8221; link=&#8221;url:https%3A%2F%2Fmetrologia.org.br%2Feventos%2Fmetrologia2021%2Fcertificado%2Finscritos_coordenadores_plenaria.php|title:Certificado%20de%20Coordenador%20de%20Plen%C3%A1ria|target:%20_blank|&#8221;][vc_message message_box_color=&#8221;success&#8221; icon_fontawesome=&#8221;fa fa-question-circle&#8221;]D\u00favidas em rela\u00e7\u00e3o aos certificados encaminhar para: <strong>eventos@metrologia.org.br<\/strong>[\/vc_message][vc_empty_space height=&#8221;11em&#8221;][\/vc_column][\/vc_row][vc_row][vc_column][om_reduce_space height=&#8221;10em&#8221;][vc_cta h2=&#8221;PROGRAMA E TRABALHOS (ANAIS)&#8221; h4=&#8221;Aten\u00e7\u00e3o! Todos os  trabalhos da edi\u00e7\u00e3o de 2021,est\u00e3o dispon\u00edveis na aba TRABALHOS, dispon\u00edvel no menu superior.&#8221; remove_margins=&#8221;yes&#8221; css_animation=&#8221;bounceInUp&#8221; custom_background=&#8221;#efa81a&#8221;][om_reduce_space height=&#8221;1em&#8221;][\/vc_column][\/vc_row][vc_row][vc_column][vc_custom_heading text=&#8221;NOT\u00cdCIAS&#8221; uppercase=&#8221;yes&#8221; add_shadow_text=&#8221;yes&#8221; font_container=&#8221;tag:h1|text_align:center&#8221; shadow_text=&#8221;NEWS&#8221;][vc_column_text]<\/p>\n<h3><a href=\"https:\/\/metrologia2021.org.br\/?p=2048\">TRABALHOS APRESENTADOS AO METROLOGIA 2021 PODEM SER ACESSADOS NO CANAL YOUTUBE DA SBM<\/a><\/h3>\n<table border=\"0\" width=\"100%\">\n<tbody>\n<tr>\n<td width=\"50%\">\n<div dir=\"auto\" style=\"font-size: 13.3px;\">O Metrologia 2021 foi um sucesso. De cinco congressos que aceitaram trabalhos cient\u00edficos foram totalizados 133 papers aprovados. Os eventos foram o CBM \u2013 11\u00ba Congresso Brasileiro de Metrologia; SEMETRO \u2013 XIV Congresso Internacional de Metrologia El\u00e9trica; CIMMEC \u2013 VI Congresso Internacional de Metrologia Mec\u00e2nica; o CBMO \u2013 IV Congresso Brasileiro de Metrologia \u00d3ptica e o CBMRI \u2013 VIII Congresso Brasileiro de Metrologia das Radia\u00e7\u00f5es Ionizantes.<br \/>\nO evento reunindo diversas \u00e1reas da metrologia \u00e9 organizado pela Sociedade Brasileira de Metrologia, Inmetro e IRD a cada dois anos. Nesta edi\u00e7\u00e3o reuniu 322 participantes, somando-se todos os eventos paralelos e 16 mesas plen\u00e1rias que trouxeram temas de amplo interesse e contaram com convidados nacionais e internacionais, tratando da import\u00e2ncia da ci\u00eancia da medi\u00e7\u00e3o, que faz toda a diferen\u00e7a para a seguran\u00e7a, sa\u00fade, qualidade de vida das pessoas&#8230;<\/div>\n<div dir=\"auto\">\n<h4 dir=\"auto\"><strong>Canal da SBM:<\/strong>\u00a0<a href=\"https:\/\/www.youtube.com\/metrologiaSBM\">https:\/\/www.youtube.com\/metrologiaSBM<\/a><\/h4>\n<\/div>\n<\/td>\n<td width=\"50%\"><img loading=\"lazy\" class=\"lazyload alignnone size-medium\" src=\"data:image\/gif;base64,R0lGODlhAQABAAAAACH5BAEKAAEALAAAAAABAAEAAAICTAEAOw==\" data-src=\"https:\/\/metrologia2021.org.br\/wp-content\/uploads\/2021\/11\/246744921_2950532628518212_3431325047479597270_n.jpg\" width=\"592\" height=\"296\" \/><\/td>\n<\/tr>\n<\/tbody>\n<\/table>\n<p>[\/vc_column_text][vc_btn title=&#8221;Leia mais&#8221; style=&#8221;flat&#8221; i_icon_fontawesome=&#8221;fa fa-angle-right&#8221; add_icon=&#8221;true&#8221; link=&#8221;url:https%3A%2F%2Fmetrologia2021.org.br%2F%3Fp%3D2048|||&#8221;][vc_empty_space][\/vc_column][\/vc_row][vc_row bg_type=&#8221;image&#8221; bg_image_pos=&#8221;100w_bottom&#8221; bg_image=&#8221;637&#8243;][vc_column width=&#8221;1\/3&#8243;][\/vc_column][vc_column width=&#8221;2\/3&#8243;][vc_row_inner][vc_column_inner width=&#8221;1\/3&#8243;][vc_empty_space height=&#8221;90px&#8221;][om_reduce_space height=&#8221;30px&#8221;][vc_custom_heading text=&#8221;OBJETIVO&#8221; uppercase=&#8221;yes&#8221; font_container=&#8221;tag:h1|font_size:42px|text_align:left|color:%23dd3333|line_height:50px&#8221;][\/vc_column_inner][vc_column_inner el_class=&#8221;box&#8221; width=&#8221;2\/3&#8243;][om_reduce_space height=&#8221;24px&#8221; mobile_hide=&#8221;yes&#8221;][vc_column_text el_class=&#8221;padding-top: 10px !important; padding-right: 10px !important; padding-bottom: 15px !important; padding-left: 10px !important; background-color: rgba(255,255,255,0.78) !important;&#8221; css=&#8221;.vc_custom_1610479670639{padding-top: 20px !important;}&#8221;]O Metrologia 2021 tem como objetivo geral colaborar para o desenvolvimento da Metrologia, por meio da apresenta\u00e7\u00e3o de trabalhos t\u00e9cnicos, apresenta\u00e7\u00e3o de palestras de cientistas convidados com contribui\u00e7\u00f5es significantes e atuais na \u00e1rea, troca de experi\u00eancias e interc\u00e2mbio t\u00e9cnico e cient\u00edfico entre profissionais e institui\u00e7\u00f5es, do pa\u00eds e do exterior.[\/vc_column_text][vc_btn title=&#8221;Leia mais&#8221; style=&#8221;flat&#8221; i_icon_fontawesome=&#8221;fa fa-angle-right&#8221; add_icon=&#8221;true&#8221; link=&#8221;url:https%3A%2F%2Fmetrologia2021.org.br%2F%3Fpage_id%3D714|||&#8221;][\/vc_column_inner][\/vc_row_inner][vc_row_inner][vc_column_inner offset=&#8221;vc_hidden-lg vc_hidden-md vc_hidden-sm&#8221;][vc_empty_space height=&#8221;28vw&#8221;][\/vc_column_inner][\/vc_row_inner][\/vc_column][\/vc_row][vc_row custom_css=&#8221;display:none&#8221;][vc_column][om_posts columns=&#8221;2&#8243; count=&#8221;1&#8243; category=&#8221;2&#8243; hide_excerpt=&#8221;yes&#8221; title=&#8221;NOT\u00cdCIAS&#8221;][\/vc_column][\/vc_row][vc_row][vc_column][vc_custom_heading text=&#8221;NOSSOS (color1)PALESTRANTES(\/color1)&#8221; uppercase=&#8221;yes&#8221; text_additional=&#8221;Principais palestrantes abaixo, veja toda a lista na p\u00e1gina de palestrantes&#8221; add_shadow_text=&#8221;yes&#8221; font_container=&#8221;tag:h1|text_align:center&#8221; css_animation=&#8221;custom&#8221; shadow_text=&#8221;Palestrantes&#8221;][om_reduce_space height=&#8221;0em&#8221;][om_speakers filter=&#8221;category&#8221; description=&#8221;next&#8221; order=&#8221;alphabetical&#8221; categories=&#8221;16&#8243; margin_top=&#8221;0&#8243; margin_bottom=&#8221;0&#8243;][\/vc_column][\/vc_row][vc_row bg_type=&#8221;gradient&#8221; gradient_type=&#8221;diagonal2&#8243; bg_color=&#8221;#003140&#8243; bg_color2=&#8221;#005ba7&#8243; font_color=&#8221;#ffffff&#8221;][vc_column][om_testimonials filter=&#8221;category&#8221; categories=&#8221;group-1&#8243;][\/vc_column][\/vc_row][vc_row custom_css=&#8221;display:none&#8221;][vc_column][vc_empty_space height=&#8221;3em&#8221;][vc_custom_heading text=&#8221;(color1)PROGRAMA(\/color1) PAINEIS&#8221; uppercase=&#8221;yes&#8221; text_additional=&#8221;Confira abaixo nossa programa\u00e7\u00e3o!&#8221; add_shadow_text=&#8221;yes&#8221; font_container=&#8221;tag:h1|text_align:center&#8221; css_animation=&#8221;custom&#8221; shadow_text=&#8221;PROGRAMA&#8221;][om_reduce_space height=&#8221;2em&#8221;][om_agenda description_expand=&#8221;yes&#8221;][om_agenda_day color=&#8221;om-accent-color-2&#8243; title=&#8221;Day 1&#8243; date=&#8221;18 Sep 2016&#8243;][om_agenda_item time=&#8221;10:00 &#8211; 11:00&#8243; room=&#8221;Room A1&#8243; speaker_ids=&#8221;117&#8243; title=&#8221;Morning Committee Meetings&#8221;]Base extend alignments cutting-edge monetize uniquely brand web-readiness completely create other&#8217;s efficient clicks-and-mortar resource.[\/om_agenda_item][om_agenda_item time=&#8221;12:00 &#8211; 14:00&#8243; room=&#8221;Room D&#8221; speaker_ids=&#8221;118&#8243; title=&#8221;Modern marketing strategies and tactics&#8221;]Maximizing items mission-critical expedite convergence top-line vectors best methodologies top-line reliable productivate total. Incubate reconceptualize cross-unit envisioneer communicate client-centric worldwide objectively collaboratively compliant wireless prospective brand.[\/om_agenda_item][om_agenda_item time=&#8221;13:00 &#8211; 15:20&#8243; room=&#8221;Video Room&#8221; speaker_ids=&#8221;116&#8243; title=&#8221;Management Development Program&#8221;]Uniquely myocardinate incubate invested applications leadership &#8220;outside the box&#8221; plagiarize distinctive leading-edge. Virtual &#8220;organic&#8221; functionalized resources iterate seize repurpose fully turnkey collaboration experiences enabled standards network.[\/om_agenda_item][\/om_agenda_day][om_agenda_day color=&#8221;om-accent-color-3&#8243; title=&#8221;Day 2&#8243; date=&#8221;19 Sep 2016&#8243;][om_agenda_item time=&#8221;10:00 &#8211; 12:00&#8243; room=&#8221;Room D&#8221; speaker_ids=&#8221;113&#8243; title=&#8221;Software Applications &amp; Services&#8221;]Items future-proof an uniquely innovate monetize base empowerment users target via innovative markets for. Architect integrate promote based enhance supply e-enable evolve fashion bricks-and-clicks user dynamic drive.[\/om_agenda_item][om_agenda_item time=&#8221;11:30 &#8211; 13:00&#8243; speaker_ids=&#8221;114&#8243; title=&#8221;IT Infrastructure \/ Operations Management&#8221; room=&#8221;Room A1&#8243;]Sustainable interactive conveniently niche effective action intellectual utilize credibly synthesize alignments cost client-centered outsourcing. Functionalities areas interfaces progressive productize process-centric fabricate cross granular completely energistically promote scenarios backward-compatible.[\/om_agenda_item][om_agenda_item time=&#8221;13:00 &#8211; 15:00&#8243; room=&#8221;Video Room&#8221; speaker_ids=&#8221;112&#8243; title=&#8221;Build Better Teams That Achieve More&#8221;]Growth conceptualize state deliver communities researched architectures opportunities time enterprise-wide of B2B timely. Distinctively aggregate sources go engage expertise &#8220;organic&#8221; top-line pursue syndicate before customize.[\/om_agenda_item][\/om_agenda_day][\/om_agenda][om_reduce_space height=&#8221;26px&#8221;][vc_cta h2=&#8221;Vagas limitadas! Garanta sua participa\u00e7\u00e3o!&#8221; remove_margins=&#8221;yes&#8221; add_button=&#8221;right&#8221; btn_title=&#8221;FA\u00c7A SUA INSCRI\u00c7\u00c3O!&#8221; btn_link=&#8221;url:https%3A%2F%2Fmetrologia2021.org.br%2Findex.php%2Fregistration%2F||&#8221;][\/vc_column][\/vc_row][vc_row][vc_column][vc_gallery type=&#8221;flexslider_slide&#8221; interval=&#8221;5&#8243; images=&#8221;1739,1738&#8243; onclick=&#8221;custom_link&#8221; custom_links_target=&#8221;_blank&#8221; custom_links=&#8221;#E-8_aHR0cHMlM0ElMkYlMkZici5mbHVrZWNhbC5jb20lMkZmbHVrZS1jYWxpYnJhdGlvbi12aXJ0dWFsLWJvb3RoLTIwMjEtYnJhemlsJTJDaHR0cHMlM0ElMkYlMkZ3d3cuc2FydG9yaXVzLmNvbSUyRmVuJTJGcHJvZHVjdHMlMkZ3ZWlnaGluZyUyRm1hc3MtY29tcGFyYXRvcnMtbWV0cm9sb2d5JTJDJTJD&#8221;][vc_raw_html]JTVCd29uZGVycGx1Z2luX3NsaWRlciUyMGlkJTNEMSU1RA==[\/vc_raw_html][om_reduce_space][\/vc_column][\/vc_row][vc_row][vc_column][vc_empty_space height=&#8221;2em&#8221;][vc_custom_heading text=&#8221;ORGANIZA\u00c7\u00c3O E (color1) PATROC\u00cdNIO(\/color1)&#8221; uppercase=&#8221;yes&#8221; add_shadow_text=&#8221;yes&#8221; font_container=&#8221;tag:h1|text_align:center&#8221; shadow_text=&#8221;ORGANIZA\u00c7\u00c3O E PATROC\u00cdNIO&#8221;][vc_empty_space height=&#8221;1em&#8221;][om_logos onclick=&#8221;custom_link&#8221; links_target=&#8221;_blank&#8221; images=&#8221;558,557,556&#8243; img_size=&#8221;219&#8243; custom_links=&#8221;https:\/\/metrologia.org.br\/,http:\/\/www.ird.gov.br\/,https:\/\/www.gov.br\/inmetro\/pt-br&#8221;][vc_custom_heading text=&#8221;PATROC\u00cdNIO (color1) DIAMANTE(\/color1)&#8221; uppercase=&#8221;yes&#8221; add_shadow_text=&#8221;yes&#8221; font_container=&#8221;tag:h1|text_align:center&#8221; shadow_text=&#8221;PATROC\u00cdNIO DIAMANTE&#8221;][\/vc_column][\/vc_row][vc_row][vc_column][om_logos onclick=&#8221;custom_link&#8221; links_target=&#8221;_blank&#8221; images=&#8221;1145,1228&#8243; img_size=&#8221;260&#8243; custom_links=&#8221;https:\/\/www.fluke.com\/pt-br,https:\/\/www.sartorius.com\/en\/products-pt?gclid=CjwKCAjw3_KIBhA2EiwAaAAlijbrTTIP8C4ewGIn1_NUVZxfktQGjZXoR6OhsvvIB2jsTJ3l_zOpTBoCknsQAvD_BwE&#8221;][vc_custom_heading text=&#8221;APOIO (color1) INSTITUCIONAL(\/color1)&#8221; uppercase=&#8221;yes&#8221; add_shadow_text=&#8221;yes&#8221; font_container=&#8221;tag:h1|text_align:center&#8221; shadow_text=&#8221;APOIO INSTITUCIONAL&#8221;][vc_empty_space height=&#8221;1em&#8221;][om_logos onclick=&#8221;custom_link&#8221; links_target=&#8221;_blank&#8221; images=&#8221;908,947,963,964,1171,988,989,1139,1143&#8243; img_size=&#8221;219&#8243; custom_links=&#8221;https:\/\/www.arbb.com.br\/,https:\/\/www.conformita-rs.com.br\/,https:\/\/redemetrologica.com.br\/,https:\/\/canalmetrologia.com.br\/,https:\/\/www.rmmg.com.br\/,https:\/\/www.remesp.org.br\/,https:\/\/www.certi.org.br\/,https:\/\/sbluz.org\/,https:\/\/gmmetrologia.com\/&#8221;][vc_empty_space height=&#8221;2em&#8221;][\/vc_column][\/vc_row]<\/p>\n","protected":false},"excerpt":{"rendered":"<p>[vc_row margin_top=&#8221;-1em&#8221;][vc_column width=&#8221;1\/3&#8243; delimiter=&#8221;vline&#8221;][vc_empty_space height=&#8221;2em&#8221;][vc_column_text] SOBRE O EVENTO Nesta edi\u00e7\u00e3o do METROLOGIA 2021, o evento ser\u00e1 composto por 6 congressos simult\u00e2neos: CBM &#8211; 11\u00ba Congresso&hellip;<\/p>\n<p><a href=\"https:\/\/metrologia2021.org.br\/\" class=\"read-more-link\"><span class=\"read-more-icon\"><\/span>Leia mais<\/a><\/p>\n","protected":false},"author":1,"featured_media":0,"parent":2,"menu_order":0,"comment_status":"closed","ping_status":"closed","template":"","meta":[],"_links":{"self":[{"href":"https:\/\/metrologia2021.org.br\/index.php?rest_route=\/wp\/v2\/pages\/12"}],"collection":[{"href":"https:\/\/metrologia2021.org.br\/index.php?rest_route=\/wp\/v2\/pages"}],"about":[{"href":"https:\/\/metrologia2021.org.br\/index.php?rest_route=\/wp\/v2\/types\/page"}],"author":[{"embeddable":true,"href":"https:\/\/metrologia2021.org.br\/index.php?rest_route=\/wp\/v2\/users\/1"}],"replies":[{"embeddable":true,"href":"https:\/\/metrologia2021.org.br\/index.php?rest_route=%2Fwp%2Fv2%2Fcomments&post=12"}],"version-history":[{"count":201,"href":"https:\/\/metrologia2021.org.br\/index.php?rest_route=\/wp\/v2\/pages\/12\/revisions"}],"predecessor-version":[{"id":2395,"href":"https:\/\/metrologia2021.org.br\/index.php?rest_route=\/wp\/v2\/pages\/12\/revisions\/2395"}],"up":[{"embeddable":true,"href":"https:\/\/metrologia2021.org.br\/index.php?rest_route=\/wp\/v2\/pages\/2"}],"wp:attachment":[{"href":"https:\/\/metrologia2021.org.br\/index.php?rest_route=%2Fwp%2Fv2%2Fmedia&parent=12"}],"curies":[{"name":"wp","href":"https:\/\/api.w.org\/{rel}","templated":true}]}}