{"id":1220,"date":"2021-08-18T11:40:10","date_gmt":"2021-08-18T14:40:10","guid":{"rendered":"https:\/\/metrologia2021.org.br\/?page_id=1220"},"modified":"2021-08-31T12:59:04","modified_gmt":"2021-08-31T15:59:04","slug":"comite-tecnico","status":"publish","type":"page","link":"https:\/\/metrologia2021.org.br\/?page_id=1220","title":{"rendered":"COMIT\u00ca T\u00c9CNICO"},"content":{"rendered":"<p>[vc_row][vc_column][vc_column_text]Confira aqui a lista do Comit\u00ea T\u00e9cnico de cada evento.<\/p>\n<p>[\/vc_column_text][\/vc_column][\/vc_row][vc_row][vc_column width=&#8221;1\/5&#8243;][vc_btn title=&#8221;Comit\u00ea T\u00e9cnico &#8211; CBM&#8221; uppercase=&#8221;yes&#8221; link=&#8221;url:https%3A%2F%2Fmetrologia2021.org.br%2F%3Fpage_id%3D1194|title:Comit%C3%AA%20T%C3%A9cnico%20%E2%80%93%20CBM||&#8221;][\/vc_column][vc_column width=&#8221;1\/5&#8243;][vc_btn title=&#8221;Comit\u00ea T\u00e9cnico &#8211; CBMO&#8221; uppercase=&#8221;yes&#8221; link=&#8221;url:https%3A%2F%2Fmetrologia2021.org.br%2F%3Fpage_id%3D1203|title:Comit%C3%AA%20T%C3%A9cnico%20%E2%80%93%20CBMO||&#8221;][\/vc_column][vc_column width=&#8221;1\/5&#8243;][vc_btn title=&#8221;Comit\u00ea T\u00e9cnico &#8211; CIMMEC&#8221; uppercase=&#8221;yes&#8221; link=&#8221;url:https%3A%2F%2Fmetrologia2021.org.br%2F%3Fpage_id%3D1209|title:Comit%C3%AA%20T%C3%A9cnico%20%E2%80%93%20CIMMEC||&#8221;][\/vc_column][vc_column width=&#8221;1\/5&#8243;][vc_btn title=&#8221;Comit\u00ea T\u00e9cnico &#8211; SEMETRO&#8221; uppercase=&#8221;yes&#8221; link=&#8221;url:https%3A%2F%2Fmetrologia2021.org.br%2F%3Fpage_id%3D1206|title:Comit%C3%AA%20T%C3%A9cnico%20%E2%80%93%20SEMETRO||&#8221;][\/vc_column][vc_column width=&#8221;1\/5&#8243;][vc_btn title=&#8221;Comit\u00ea T\u00e9cnico &#8211; CBMRI&#8221; uppercase=&#8221;yes&#8221; link=&#8221;url:https%3A%2F%2Fmetrologia2021.org.br%2F%3Fpage_id%3D1212|title:Comit%C3%AA%20T%C3%A9cnico%20%E2%80%93%20CBMRI||&#8221;][\/vc_column][\/vc_row]<\/p>\n","protected":false},"excerpt":{"rendered":"<p>[vc_row][vc_column][vc_column_text]Confira aqui a lista do Comit\u00ea T\u00e9cnico de cada evento. [\/vc_column_text][\/vc_column][\/vc_row][vc_row][vc_column width=&#8221;1\/5&#8243;][vc_btn title=&#8221;Comit\u00ea T\u00e9cnico &#8211; CBM&#8221; uppercase=&#8221;yes&#8221; link=&#8221;url:https%3A%2F%2Fmetrologia2021.org.br%2F%3Fpage_id%3D1194|title:Comit%C3%AA%20T%C3%A9cnico%20%E2%80%93%20CBM||&#8221;][\/vc_column][vc_column width=&#8221;1\/5&#8243;][vc_btn title=&#8221;Comit\u00ea T\u00e9cnico &#8211; CBMO&#8221; uppercase=&#8221;yes&#8221; link=&#8221;url:https%3A%2F%2Fmetrologia2021.org.br%2F%3Fpage_id%3D1203|title:Comit%C3%AA%20T%C3%A9cnico%20%E2%80%93%20CBMO||&#8221;][\/vc_column][vc_column&hellip;<\/p>\n<p><a href=\"https:\/\/metrologia2021.org.br\/?page_id=1220\" class=\"read-more-link\"><span class=\"read-more-icon\"><\/span>Leia mais<\/a><\/p>\n","protected":false},"author":1,"featured_media":0,"parent":0,"menu_order":0,"comment_status":"closed","ping_status":"closed","template":"","meta":[],"_links":{"self":[{"href":"https:\/\/metrologia2021.org.br\/index.php?rest_route=\/wp\/v2\/pages\/1220"}],"collection":[{"href":"https:\/\/metrologia2021.org.br\/index.php?rest_route=\/wp\/v2\/pages"}],"about":[{"href":"https:\/\/metrologia2021.org.br\/index.php?rest_route=\/wp\/v2\/types\/page"}],"author":[{"embeddable":true,"href":"https:\/\/metrologia2021.org.br\/index.php?rest_route=\/wp\/v2\/users\/1"}],"replies":[{"embeddable":true,"href":"https:\/\/metrologia2021.org.br\/index.php?rest_route=%2Fwp%2Fv2%2Fcomments&post=1220"}],"version-history":[{"count":6,"href":"https:\/\/metrologia2021.org.br\/index.php?rest_route=\/wp\/v2\/pages\/1220\/revisions"}],"predecessor-version":[{"id":1237,"href":"https:\/\/metrologia2021.org.br\/index.php?rest_route=\/wp\/v2\/pages\/1220\/revisions\/1237"}],"wp:attachment":[{"href":"https:\/\/metrologia2021.org.br\/index.php?rest_route=%2Fwp%2Fv2%2Fmedia&parent=1220"}],"curies":[{"name":"wp","href":"https:\/\/api.w.org\/{rel}","templated":true}]}}