{"id":1385,"date":"2021-09-22T11:34:32","date_gmt":"2021-09-22T14:34:32","guid":{"rendered":"https:\/\/metrologia2021.org.br\/?page_id=1385"},"modified":"2021-12-08T14:05:30","modified_gmt":"2021-12-08T17:05:30","slug":"programa-cimmec","status":"publish","type":"page","link":"https:\/\/metrologia2021.org.br\/?page_id=1385","title":{"rendered":"PROGRAMA &#8211; CIMMEC"},"content":{"rendered":"<p>[vc_row][vc_column][vc_message message_box_style=&#8221;outline&#8221; message_box_color=&#8221;om-accent-color-3&#8243; icon_fontawesome=&#8221;fa fa-book&#8221;]<\/p>\n<h4 style=\"text-align: center;\"><strong>ISBN<\/strong>: 978-65-994975-8-2<\/h4>\n<p>[\/vc_message][om_agenda][om_agenda_day color=&#8221;om-accent-color-3&#8243; title=&#8221;QUARTA-FEIRA &#8211; SALA B &#8211; S\u00cdNCRONA&#8221; date=&#8221;20\/10\/2021&#8243;][om_agenda_item speaker_links=&#8221;&#8221; time=&#8221;11 h 40 min &#8211; 12 h&#8221; title=&#8221;`{`208292`}` Participation of Inmetro at SIM kilogram dissemination project (SKDP) Mass stability analysis of the SIM21 mass standard (1 kg) over three years in the SIM Kilogram Dissemination Project (SKDP)&#8221; speaker_ids=&#8221;1391&#8243;]Autores &#8211; Fabio Andre Ludolf Cacais, Arlindo Rebelo, Anderson Beatrici, Victor Loayza, Davi Quint\u00e3o<\/p>\n<p>Palavras-chave: New SI, kilogram dissemination, mass stability<\/p>\n<p>Resumo: Inmetro\u2019s mass laboratory (Lamas) participated in SIM Kilogram Dissemination Project (SKDP). The assessment of mass stability of the SIM21 1 kg stainless steel mass standard was carried out between 2018 and 2021.<\/p>\n<p><span class=\"vc_btn2-container vc_btn2-center\"><br \/>\n<a class=\"vc_general vc_btn3 vc_btn3-size-xl vc_btn3-shape-square vc_btn3-style-classic vc_btn3-color-om-accent-color-3 vc_btn3-icon-left\" href=\"https:\/\/metrologia2021.org.br\/?p=2266\"><span class=\"vc_btn3-inner\"><i class=\"vc_btn3-icon fa fa-file-pdf-o\"><\/i> P\u00e1gina do Artigo<\/span><\/a>[\/om_agenda_item][om_agenda_item speaker_links=&#8221;&#8221; time=&#8221;12 h 20 min &#8211; 12 h 40 min&#8221; title=&#8221;`{`206566`}` Microre\u00f4metro capilar baseado em medi\u00e7\u00f5es com microPIV : metodologia para implementa\u00e7\u00e3o&#8221; speaker_ids=&#8221;1391&#8243;]Autores: Maria Helena Farias, Jordana Colman<\/p>\n<p>Palavras-chave: microre\u00f4metro capilar, metrologia, fluido n\u00e3o-Newtoniano, microPIV, microfluidica<\/p>\n<p>Resumo: Este trabalho aborda, em car\u00e1ter te\u00f3rico, uma metodologia para determinar caracter\u00edsticas reol\u00f3gicas de fluidos n\u00e3o-Newtonianos em escoamento no interior de microcanais, com o uso de viscos\u00edmetro capilar differencial multifuncional associado a medi\u00e7\u00f5es do perfil de velocidades do escoamento pela t\u00e9cnica de velocimetria por imagem de part\u00edculas em microescala (microPIV). O dispositivo multifuncional proporciona ganhos para a rotina laboratorial de investiga\u00e7\u00e3o de fluidos complexos, pela praticidade e versatilidade.<\/p>\n<p><span class=\"vc_btn2-container vc_btn2-center\"><br \/>\n<a class=\"vc_general vc_btn3 vc_btn3-size-xl vc_btn3-shape-square vc_btn3-style-classic vc_btn3-color-om-accent-color-3 vc_btn3-icon-left\" href=\"https:\/\/metrologia2021.org.br\/?p=2275\"><span class=\"vc_btn3-inner\"><i class=\"vc_btn3-icon fa fa-file-pdf-o\"><\/i> P\u00e1gina do Artigo<\/span><\/a>[\/om_agenda_item][om_agenda_item speaker_links=&#8221;&#8221; time=&#8221;14 h 20 min &#8211; 14 h 40 min&#8221; title=&#8221;`{`207245`}` Dimensional evaluation of spray profile using the Background-oriented Schlieren technique: an application in the perfumery industry&#8221; speaker_ids=&#8221;1392&#8243;]Autores: Pablo Antunes da Rosa, Carla Abdo Brohem, Leandro Campos Gon\u00e7alves<\/p>\n<p>Palavras-chave: Background-oriented Schlieren (BOS), Spray characteristics, Perfumery<\/p>\n<p>Resumo: The Background-oriented Schlieren (BOS) method is used in this work to evaluate the dimensions of a perfume spray profile. With the intention of investigate the best combination of capture environment, the technique was applied to scenarios where the background (striped, randomly distributed dots and image) and the lighting conditions (daylight, horizon light and fluorescent) were varied. Each test was recorded with a video camera, and after selecting the reference and interest frames, the absolute saturation subtraction technique was applied to the images. Subsequently the resulting image was passed through a smoothing filter. The results showed that the combination of striped background with fluorescent illumination was the closest, with a bias of approximately 2%, to the result obtained through the conventional method, which uses a bulkhead to capture the approximate profile of the spray and subsequent calculation of the angle. The illumination horizon light, on the other hand, did not allow the visualization of the spray for any of the backgrounds used. The BOS technique proved to be an important tool in evaluating the performance of perfumery items.<\/p>\n<p><span class=\"vc_btn2-container vc_btn2-center\"><br \/>\n<a class=\"vc_general vc_btn3 vc_btn3-size-xl vc_btn3-shape-square vc_btn3-style-classic vc_btn3-color-om-accent-color-3 vc_btn3-icon-left\" href=\"https:\/\/metrologia2021.org.br\/?p=2277\"><span class=\"vc_btn3-inner\"><i class=\"vc_btn3-icon fa fa-file-pdf-o\"><\/i> P\u00e1gina do Artigo<\/span><\/a>[\/om_agenda_item][om_agenda_item speaker_links=&#8221;&#8221; time=&#8221;14 h 40 min &#8211; 15 h&#8221; title=&#8221;`{`208284`}` Measurement and analysis of vibration and temperature in road transport environment to simulate packaging tests on a representative route in Brazil&#8221; speaker_ids=&#8221;1392&#8243;]Autores:Pablo Antunes da Rosa, Marcia Priscila Porto Dos Santos, Leandro Campos Goncalves, Carla Abdo Brohem<\/p>\n<p>Palavras-chave: Vibration, Packaging test, Transport simulation<\/p>\n<p>Resumo: The main purpose of packaging is to keep the product protected from external actions, contamination, and leakage. Therefore, they must be designed to deliver undamaged products to the customer, even after transportation and handling. The main damage is caused by the vibratory forces that occur during transportation. Therefore, this study aimed to quantify and analyse the vibration that occurs during road transport in a semi-trailer truck. The route selected was between Grupo Boticario&#8217;s factory in S\u00e3o Jos\u00e9 dos Pinhais (PR) and its distribution center in S\u00e3o Gon\u00e7alo dos Campos (Bahia), totalling around 1930 km. Thusly, it was possible to reproduce the same damage caused in an accelerated laboratory-scale test. The results showed that the vibration levels, and consequently the damage caused, vertically were higher than the lateral and longitudinal levels, as expected. This study allowed the definition of the parameters for the transportation simulator test carried out in package development and validation.<\/p>\n<p><span class=\"vc_btn2-container vc_btn2-center\"><br \/>\n<a class=\"vc_general vc_btn3 vc_btn3-size-xl vc_btn3-shape-square vc_btn3-style-classic vc_btn3-color-om-accent-color-3 vc_btn3-icon-left\" href=\"https:\/\/metrologia2021.org.br\/?p=2279\"><span class=\"vc_btn3-inner\"><i class=\"vc_btn3-icon fa fa-file-pdf-o\"><\/i> P\u00e1gina do Artigo<\/span><\/a>[\/om_agenda_item][om_agenda_item speaker_links=&#8221;&#8221; time=&#8221;15 h &#8211; 15 h 20 min&#8221; title=&#8221;`{`204383`}` Glass campanula effects on measurement results in high capacity mass comparator&#8221; speaker_ids=&#8221;1392&#8243;]Autores: Anderson Beatrici<\/p>\n<p>Palavras-chave: Weighing chamber, mass calibration, thermic stabilization.<\/p>\n<p>Resumo: The calibrations or checking of mass standards with nominal values greater than 10 kg and high accuracy class require special attention to the environmental conditions stability due to the their volume. The equipment used to calibrate this kind of mass standards usually has a weighing chamber (in this case a glass campanula or bell jar) to avoid, at least to reduce, the effects of environmental changes. In this study will be present the effects of these weighing campanulas on the standard deviations and in mass measurements results using only the internal tare (without weights in the balance plate) and using two 10 kg test weights.<\/p>\n<p><span class=\"vc_btn2-container vc_btn2-center\"><br \/>\n<a class=\"vc_general vc_btn3 vc_btn3-size-xl vc_btn3-shape-square vc_btn3-style-classic vc_btn3-color-om-accent-color-3 vc_btn3-icon-left\" href=\"https:\/\/metrologia2021.org.br\/?p=2280\"><span class=\"vc_btn3-inner\"><i class=\"vc_btn3-icon fa fa-file-pdf-o\"><\/i> P\u00e1gina do Artigo<\/span><\/a>[\/om_agenda_item][om_agenda_item speaker_links=&#8221;&#8221; time=&#8221;15 h 20 min &#8211; 15 h 40 min&#8221; title=&#8221;`{`205074`}` Study of Mechanical Properties of Polystyrene and Sulfonated Graphene Oxide Composite&#8221; speaker_ids=&#8221;1392&#8243;]Autores: Jorge Trota Filho, Luanda Silva de Moraes, S\u00e9rgio Pinheiro de Oliveira, R\u00f4mulo Queiroz Fratari, Marcela Carrera de Castro<\/p>\n<p>Palavras-chave: Mechanical Properties of Polystyrene , Sulfonated Graphene Oxide Composite<\/p>\n<p>Resumo: Composite materials are intended to provide a material with different and optimized mechanical, chemical, and physical-chemical properties in relation to its constituents. The aim of this work is to evaluate the mechanical properties of a composite that uses polystyrene as the matrix and the reinforcements used are of two types: sulfonated graphene oxide and graphite ones. The mechanical properties of composite materials obtained by tensile testing were compared with that one of pure polystyrene. Thus, it was possible to observe that some formulations presented better mechanical properties that were able to generate a material with greater degradability in the environment.<\/p>\n<p><span class=\"vc_btn2-container vc_btn2-center\"><br \/>\n<a class=\"vc_general vc_btn3 vc_btn3-size-xl vc_btn3-shape-square vc_btn3-style-classic vc_btn3-color-om-accent-color-3 vc_btn3-icon-left\" href=\"https:\/\/metrologia2021.org.br\/?p=2281\"><span class=\"vc_btn3-inner\"><i class=\"vc_btn3-icon fa fa-file-pdf-o\"><\/i> P\u00e1gina do Artigo<\/span><\/a>[\/om_agenda_item][\/om_agenda_day][\/om_agenda][om_agenda display_room=&#8221;&#8221; display_speakers=&#8221;&#8221;][om_agenda_day color=&#8221;om-accent-color-2&#8243; title=&#8221;Coordenador: Jose Daniel Hernandez Vasquez&#8221; el_class=&#8221;om-agenda-day-header-assicrona&#8221;][\/om_agenda_day][om_agenda_day color=&#8221;om-accent-color-2&#8243; title=&#8221;ASS\u00cdNCRONA&#8221;][om_agenda_item icon_fontawesome=&#8221;fa fa-check&#8221; speaker_links=&#8221;&#8221; title=&#8221;`{`201302`}` Compara\u00e7\u00e3o de fren\u00f4metros de diferentes organismos de inspe\u00e7\u00e3o acreditados&#8221; speaker_ids=&#8221;1347&#8243;]Autores: Eduardo Gon\u00e7alves Machado, Sandro Cardoso Santos, Isabela Corr\u00eaa Castro, Renan Bueno Wojciechowski<\/p>\n<p><span class=\"vc_btn2-container vc_btn2-center\"><br \/>\n<a class=\"vc_general vc_btn3 vc_btn3-size-xl vc_btn3-shape-square vc_btn3-style-classic vc_btn3-color-om-accent-color-3 vc_btn3-icon-left\" href=\"https:\/\/metrologia2021.org.br\/?p=1671\"><span class=\"vc_btn3-inner\"><i class=\"vc_btn3-icon fa fa-file-pdf-o\"><\/i> P\u00e1gina do Artigo<\/span><\/a><br \/>\n<\/span>[\/om_agenda_item][om_agenda_item icon_fontawesome=&#8221;fa fa-check&#8221; speaker_links=&#8221;&#8221; title=&#8221;`{`201428`}` Fault identification in electromagnetic reactors for HVDC systems using mechanical vibrations&#8221; speaker_ids=&#8221;1347&#8243;]Autores: Marcio Antonio Sens, Carlos Frederico Trotta Matt<\/p>\n<p><span class=\"vc_btn2-container vc_btn2-center\"><br \/>\n<a class=\"vc_general vc_btn3 vc_btn3-size-xl vc_btn3-shape-square vc_btn3-style-classic vc_btn3-color-om-accent-color-3 vc_btn3-icon-left\" href=\"https:\/\/metrologia2021.org.br\/?p=1674\"><span class=\"vc_btn3-inner\"><i class=\"vc_btn3-icon fa fa-file-pdf-o\"><\/i> P\u00e1gina do Artigo<\/span><\/a><br \/>\n<\/span>[\/om_agenda_item][om_agenda_item icon_fontawesome=&#8221;fa fa-check&#8221; speaker_links=&#8221;&#8221; title=&#8221;`{`204381`}` Effects of multiple weighing chambers on high-accuracy mass comparators measurement results&#8221; speaker_ids=&#8221;1347&#8243;]Autores: Anderson Beatrici<\/p>\n<p><span class=\"vc_btn2-container vc_btn2-center\"><br \/>\n<a class=\"vc_general vc_btn3 vc_btn3-size-xl vc_btn3-shape-square vc_btn3-style-classic vc_btn3-color-om-accent-color-3 vc_btn3-icon-left\" href=\"https:\/\/metrologia2021.org.br\/?p=1676\"><span class=\"vc_btn3-inner\"><i class=\"vc_btn3-icon fa fa-file-pdf-o\"><\/i> P\u00e1gina do Artigo<\/span><\/a><br \/>\n<\/span>[\/om_agenda_item][om_agenda_item icon_fontawesome=&#8221;fa fa-check&#8221; speaker_links=&#8221;&#8221; title=&#8221;`{`204978`}` Evaluation of the adjustment of an analytical balance through calibration results&#8221; speaker_ids=&#8221;1347&#8243;]Autores: Marcella Rocha, Davi Quint\u00e3<\/p>\n<p><span class=\"vc_btn2-container vc_btn2-center\"><br \/>\n<a class=\"vc_general vc_btn3 vc_btn3-size-xl vc_btn3-shape-square vc_btn3-style-classic vc_btn3-color-om-accent-color-3 vc_btn3-icon-left\" href=\"https:\/\/metrologia2021.org.br\/?p=1678\"><span class=\"vc_btn3-inner\"><i class=\"vc_btn3-icon fa fa-file-pdf-o\"><\/i> P\u00e1gina do Artigo<\/span><\/a><br \/>\n<\/span>[\/om_agenda_item][om_agenda_item icon_fontawesome=&#8221;fa fa-check&#8221; speaker_links=&#8221;&#8221; title=&#8221;`{`208294`}` Results of Kibble Balance principle demonstration at Inmetro&#8221; speaker_ids=&#8221;1347&#8243;]Autores: Fabio Andre Ludolf Cacais, Victor Loayza, Anderson Beatrici, Davi Quint\u00e3o, Arlindo Rebelo<\/p>\n<p><span class=\"vc_btn2-container vc_btn2-center\"><br \/>\n<a class=\"vc_general vc_btn3 vc_btn3-size-xl vc_btn3-shape-square vc_btn3-style-classic vc_btn3-color-om-accent-color-3 vc_btn3-icon-left\" href=\"https:\/\/metrologia2021.org.br\/?p=1680\"><span class=\"vc_btn3-inner\"><i class=\"vc_btn3-icon fa fa-file-pdf-o\"><\/i> P\u00e1gina do Artigo<\/span><\/a><br \/>\n<\/span>[\/om_agenda_item][om_agenda_item icon_fontawesome=&#8221;fa fa-check&#8221; speaker_links=&#8221;&#8221; title=&#8221;`{`205108`}` Evaluation of the performance of the Sartorius CCE6 mass comparator in relation to its use in ABBA weighing cycles applied in standard weight calibrations&#8221; speaker_ids=&#8221;1347&#8243;]Autores: Arlindo dos Santos Rebelo J\u00fanior<\/p>\n<p><span class=\"vc_btn2-container vc_btn2-center\"><br \/>\n<a class=\"vc_general vc_btn3 vc_btn3-size-xl vc_btn3-shape-square vc_btn3-style-classic vc_btn3-color-om-accent-color-3 vc_btn3-icon-left\" href=\"https:\/\/metrologia2021.org.br\/?p=1682\"><span class=\"vc_btn3-inner\"><i class=\"vc_btn3-icon fa fa-file-pdf-o\"><\/i> P\u00e1gina do Artigo<\/span><\/a><br \/>\n<\/span>[\/om_agenda_item][\/om_agenda_day][\/om_agenda][\/vc_column][\/vc_row][vc_row][vc_column][\/vc_column][\/vc_row]<\/p>\n","protected":false},"excerpt":{"rendered":"<p>[vc_row][vc_column][vc_message message_box_style=&#8221;outline&#8221; message_box_color=&#8221;om-accent-color-3&#8243; icon_fontawesome=&#8221;fa fa-book&#8221;] ISBN: 978-65-994975-8-2 [\/vc_message][om_agenda][om_agenda_day color=&#8221;om-accent-color-3&#8243; title=&#8221;QUARTA-FEIRA &#8211; SALA B &#8211; S\u00cdNCRONA&#8221; date=&#8221;20\/10\/2021&#8243;][om_agenda_item speaker_links=&#8221;&#8221; time=&#8221;11 h 40 min &#8211; 12 h&#8221; title=&#8221;`{`208292`}`&hellip;<\/p>\n<p><a href=\"https:\/\/metrologia2021.org.br\/?page_id=1385\" class=\"read-more-link\"><span class=\"read-more-icon\"><\/span>Leia mais<\/a><\/p>\n","protected":false},"author":1,"featured_media":0,"parent":0,"menu_order":0,"comment_status":"closed","ping_status":"closed","template":"","meta":[],"_links":{"self":[{"href":"https:\/\/metrologia2021.org.br\/index.php?rest_route=\/wp\/v2\/pages\/1385"}],"collection":[{"href":"https:\/\/metrologia2021.org.br\/index.php?rest_route=\/wp\/v2\/pages"}],"about":[{"href":"https:\/\/metrologia2021.org.br\/index.php?rest_route=\/wp\/v2\/types\/page"}],"author":[{"embeddable":true,"href":"https:\/\/metrologia2021.org.br\/index.php?rest_route=\/wp\/v2\/users\/1"}],"replies":[{"embeddable":true,"href":"https:\/\/metrologia2021.org.br\/index.php?rest_route=%2Fwp%2Fv2%2Fcomments&post=1385"}],"version-history":[{"count":17,"href":"https:\/\/metrologia2021.org.br\/index.php?rest_route=\/wp\/v2\/pages\/1385\/revisions"}],"predecessor-version":[{"id":2286,"href":"https:\/\/metrologia2021.org.br\/index.php?rest_route=\/wp\/v2\/pages\/1385\/revisions\/2286"}],"wp:attachment":[{"href":"https:\/\/metrologia2021.org.br\/index.php?rest_route=%2Fwp%2Fv2%2Fmedia&parent=1385"}],"curies":[{"name":"wp","href":"https:\/\/api.w.org\/{rel}","templated":true}]}}