{"id":1455,"date":"2021-09-28T15:26:58","date_gmt":"2021-09-28T18:26:58","guid":{"rendered":"https:\/\/metrologia2021.org.br\/?page_id=1455"},"modified":"2021-12-08T13:34:24","modified_gmt":"2021-12-08T16:34:24","slug":"programa-cbmri","status":"publish","type":"page","link":"https:\/\/metrologia2021.org.br\/?page_id=1455","title":{"rendered":"PROGRAMA &#8211; CBMRI"},"content":{"rendered":"<p>[vc_row][vc_column][vc_message message_box_style=&#8221;outline&#8221; message_box_color=&#8221;om-accent-color-3&#8243; icon_fontawesome=&#8221;fa fa-book&#8221;]<\/p>\n<h4 style=\"text-align: center;\"><strong>ISBN<\/strong>: 978-65-994975-8-2<\/h4>\n<p>[\/vc_message][om_agenda][om_agenda_day color=&#8221;om-accent-color-3&#8243; title=&#8221;SEGUNDA-FEIRA &#8211; SALA A &#8211; S\u00cdNCRONA&#8221; date=&#8221;18\/10\/2021&#8243;][om_agenda_item speaker_links=&#8221;&#8221; time=&#8221;12 h 30 min &#8211; 12 h 40 min&#8221; title=&#8221;`{`207700`}` Compara\u00e7\u00e3o entre os dos\u00edmetros Fricke e alanina para a dosimetria de irradiadores de sangue&#8221; speaker_ids=&#8221;2024&#8243;]Autores: Andrea Mantuano, Arissa Pickler, Camila Salata, Orlando RodriguesJr, Carla L. Mota, Carlos Eduardo de Almeida, Luis Alexandre G. Magalh\u00e3es, Leonardo de C. Pac\u00edfico<\/p>\n<p>Palavras-chave: Dosimetria Fricke, alanina, irradiadores de sangue, Cs-137<\/p>\n<p>Resumo: O dos\u00edmetro Fricke vem mostrando grande potencial para a determina\u00e7\u00e3o na dose absorvida na \u00e1gua. Reconhecido como padr\u00e3o prim\u00e1rio pelo TRS398, vem mostrando resultados de alta qualidade metrol\u00f3gica quando utilizado em laborat\u00f3rios de metrologia em alguns laborat\u00f3rios no mundo. O dos\u00edmetro alanina\/RPE \u00e9 um padr\u00e3o secund\u00e1rio reconhecido pela AIEA de uso em especial para doses altas para irradia\u00e7\u00f5es com f\u00f3tons e el\u00e9trons pode ser utilizado como dos\u00edmetro secund\u00e1rio, de transfer\u00eancia e de refer\u00eancia, para doses entre 1Gy e 10kGy. Este trabalho teve como objetivo comparar os resultados da dosimetria realizada em irradiadores de sangue com o dos\u00edmetro Fricke pelo grupo do Laborat\u00f3rio de Ci\u00eancias Radiol\u00f3gicas (LCR\/UERJ) com os resultados da dosimetria realizada com alanina pelo Laborat\u00f3rio de Dosimetria de Doses Altas (LDA\/IPEN\/CNEN). Os dois laborat\u00f3rios realizaram as medidas no Hemocentro do Rio de Janeiro (HEMORIO), utilizando o fantoma patenteado pelo LCR\/UERJ. Os resultados apresentaram uma concord\u00e2ncia de 2,2% entre as m\u00e9dias das doses na regi\u00e3o central do fantoma com ambos os sistemas. Este trabalho apresenta os resultados preliminares sem incluir pequenas corre\u00e7\u00f5es que est\u00e3o sendo definidas atrav\u00e9s das simula\u00e7\u00f5es Monte Carlo, para permitir o c\u00e1lculo da incerteza final em continuidade a este trabalho.<\/p>\n<p><span class=\"vc_btn2-container vc_btn2-center\"><br \/>\n<a class=\"vc_general vc_btn3 vc_btn3-size-xl vc_btn3-shape-square vc_btn3-style-classic vc_btn3-color-om-accent-color-3 vc_btn3-icon-left\" href=\"https:\/\/metrologia2021.org.br\/?p=2255\"><span class=\"vc_btn3-inner\"><i class=\"vc_btn3-icon fa fa-file-pdf-o\"><\/i> P\u00e1gina do Artigo<\/span><\/a>[\/om_agenda_item][om_agenda_item speaker_links=&#8221;&#8221; time=&#8221;14 h 50 min &#8211; 15 h 05 min&#8221; title=&#8221;`{`208340`}` Aplica\u00e7\u00e3o da ferramenta PACEMAN para avalia\u00e7\u00e3o da qualidade da imagem e as incertezas associadas em radiologia diagn\u00f3stica&#8221; speaker_ids=&#8221;2025&#8243;]Autores: Estefani Carvalho de Farias, Jos\u00e9 Guilherme Pereira Peixoto, Jo\u00e3o Henrique Hamann da Silva, J\u00e9ssica Villa Real<\/p>\n<p>Palavras-chave: Controle de qualidade, avalia\u00e7\u00e3o de incertezas,<\/p>\n<p>Resumo: Ferramentas para controle de qualidade das imagens em radiologia podem ser desenvolvidas e empregadas no departamento radiol\u00f3gico. Com isso, este artigo demonstra o conceito PACEMAN, o qual \u00e9 empregado de forma intuitiva por muitos estudiosos na \u00e1rea da radiologia m\u00e9dica voltada para o raios X diagn\u00f3stico. Atrav\u00e9s da ferramenta PACEMAN tamb\u00e9m \u00e9 poss\u00edvel rastrear as principais incertezas associadas ao processo de forma\u00e7\u00e3o de uma imagem radiogr\u00e1fica em sistemas DR ou CR<\/p>\n<p><span class=\"vc_btn2-container vc_btn2-center\"><br \/>\n<a class=\"vc_general vc_btn3 vc_btn3-size-xl vc_btn3-shape-square vc_btn3-style-classic vc_btn3-color-om-accent-color-3 vc_btn3-icon-left\" href=\"https:\/\/metrologia2021.org.br\/?p=2257\"><span class=\"vc_btn3-inner\"><i class=\"vc_btn3-icon fa fa-file-pdf-o\"><\/i> P\u00e1gina do Artigo<\/span><\/a>[\/om_agenda_item][om_agenda_item speaker_links=&#8221;&#8221; time=&#8221;16 h &#8211; 16 h 15 min&#8221; title=&#8221;`{`204855`}` Evaluation of the impacts caused by the &#8220;warp&#8220; effect on 3D printed phantoms for clinical application of photon beams&#8221; speaker_ids=&#8221;2026&#8243;]Autores: Shirlane Barbosa de Almeida, Paulo Victor dos Santos Tavares, Let\u00edcia Lucente Campos<\/p>\n<p>Palavras-chave: 3D printed phantoms, warp effect, phantoms tissue equivalent.<\/p>\n<p>Resumo: This work aims to evaluate the impact of the warp effect on printed phantoms with tissue equivalence to be used in radiotherapy. The \u201cwarp\u201d effect is caused by several parameters that directly interfere in the printing process. The \u201cwarp\u201d effect causes a warping or slanting of the outer edges of the parts being printed, this occurs when there is no adherence of the part to the printer platform. The tendency to distort a printed object to simulate a patient is great because the warp effect occurs due to the way the objects will be printed, especially if they are to be printed in successive layers. Despite the difficulties of printing the phantoms with tissue equivalence for clinical application with 100% filling, it is possible to use this technology to simulate a patient and obtain advantageously a phantom for clinical photon beam dosimetry.<\/p>\n<p><span class=\"vc_btn2-container vc_btn2-center\"><br \/>\n<a class=\"vc_general vc_btn3 vc_btn3-size-xl vc_btn3-shape-square vc_btn3-style-classic vc_btn3-color-om-accent-color-3 vc_btn3-icon-left\" href=\"https:\/\/metrologia2021.org.br\/?p=2259\"><span class=\"vc_btn3-inner\"><i class=\"vc_btn3-icon fa fa-file-pdf-o\"><\/i> P\u00e1gina do Artigo<\/span><\/a>[\/om_agenda_item][om_agenda_item speaker_links=&#8221;&#8221; time=&#8221;17 h 05 min &#8211; 17 h 20 min&#8221; title=&#8221;`{`208354`}` Flu\u00eancia Externa no Fluxo T\u00e9rmico Padr\u00e3o do Laborat\u00f3rio de Metrologia de N\u00eautrons do Brasil&#8221; speaker_ids=&#8221;2027&#8243;]Autores: Larissa Paizante Santos da Silva, Simone da Silva Fernandes, Karla Cristina de Souza Patr\u00e3o, Walsan Wagner Pereira<\/p>\n<p>Palavras-chave: Metrologia de N\u00eautrons, calibra\u00e7\u00e3o, Fluxo T\u00e9rmico<\/p>\n<p>Resumo: The Brazilian Neutron laboratory at the Institute of Radioprotection and Dosimetry (IRD) developed and built a new standard facility for a thermal neutron unit, seeking to provide a new homogeneous flux to calibrate neutron detectors and personal dosimeters (Astuto, 2014).<\/p>\n<p><span class=\"vc_btn2-container vc_btn2-center\"><br \/>\n<a class=\"vc_general vc_btn3 vc_btn3-size-xl vc_btn3-shape-square vc_btn3-style-classic vc_btn3-color-om-accent-color-3 vc_btn3-icon-left\" href=\"https:\/\/metrologia2021.org.br\/?p=2261\"><span class=\"vc_btn3-inner\"><i class=\"vc_btn3-icon fa fa-file-pdf-o\"><\/i> P\u00e1gina do Artigo<\/span><\/a>[\/om_agenda_item][\/om_agenda_day][\/om_agenda][om_agenda display_room=&#8221;&#8221; display_speakers=&#8221;&#8221;][om_agenda_day color=&#8221;om-accent-color-2&#8243; el_class=&#8221;om-agenda-day-header-assicrona&#8221;][\/om_agenda_day][om_agenda_day color=&#8221;om-accent-color-2&#8243; title=&#8221;ASS\u00cdNCRONA&#8221;][om_agenda_item icon_fontawesome=&#8221;fa fa-check&#8221; speaker_links=&#8221;&#8221; title=&#8221;`{`191887`}` Panorama do processo de inspe\u00e7\u00e3o do servi\u00e7os de radiologia diagn\u00f3stica veterin\u00e1ria no munic\u00edpio do Rio de Janeiro&#8221;]Autores: Elias Teixeira do Nascimento, Mariana Nascimento de Azevedo, Monaliza de Oliveira Almeida, Leonardo Santos Lopes, Carlos Henrique Sim\u00f5es de Sousa, Jos\u00e9 Guilherme Pereira Peixoto<\/p>\n<p><span class=\"vc_btn2-container vc_btn2-center\"><br \/>\n<a class=\"vc_general vc_btn3 vc_btn3-size-xl vc_btn3-shape-square vc_btn3-style-classic vc_btn3-color-om-accent-color-3 vc_btn3-icon-left\" href=\"https:\/\/metrologia2021.org.br\/?p=1852\"><span class=\"vc_btn3-inner\"><i class=\"vc_btn3-icon fa fa-file-pdf-o\"><\/i> P\u00e1gina do Artigo<\/span><\/a><br \/>\n<\/span>[\/om_agenda_item][om_agenda_item icon_fontawesome=&#8221;fa fa-check&#8221; speaker_links=&#8221;&#8221; title=&#8221;`{`199691`}` Avalia\u00e7\u00e3o dos testes de controle de qualidade em equipamentos de mamografia&#8221;]Autores: Daniela Rocha Medrado<\/p>\n<p><span class=\"vc_btn2-container vc_btn2-center\"><br \/>\n<a class=\"vc_general vc_btn3 vc_btn3-size-xl vc_btn3-shape-square vc_btn3-style-classic vc_btn3-color-om-accent-color-3 vc_btn3-icon-left\" href=\"https:\/\/metrologia2021.org.br\/?p=1889\"><span class=\"vc_btn3-inner\"><i class=\"vc_btn3-icon fa fa-file-pdf-o\"><\/i> P\u00e1gina do Artigo<\/span><\/a><br \/>\n<\/span>[\/om_agenda_item][om_agenda_item icon_fontawesome=&#8221;fa fa-check&#8221; speaker_links=&#8221;&#8221; title=&#8221;`{`201862`}` Spectra for little unusual anode\/filter combinations, in the metrological and simulated cases&#8221;]Autores: Leandro Barbosa da Silveira Gatto, Leonardo Pacifico, Luis Alexandre Gon\u00e7alves Magalhaes, Paulo Travassos<\/p>\n<p><span class=\"vc_btn2-container vc_btn2-center\"><br \/>\n<a class=\"vc_general vc_btn3 vc_btn3-size-xl vc_btn3-shape-square vc_btn3-style-classic vc_btn3-color-om-accent-color-3 vc_btn3-icon-left\" href=\"https:\/\/metrologia2021.org.br\/?p=1891\"><span class=\"vc_btn3-inner\"><i class=\"vc_btn3-icon fa fa-file-pdf-o\"><\/i> P\u00e1gina do Artigo<\/span><\/a><br \/>\n<\/span>[\/om_agenda_item][om_agenda_item icon_fontawesome=&#8221;fa fa-check&#8221; speaker_links=&#8221;&#8221; title=&#8221;`{`204216`}` Comparison between methods of electric current generation applied to the intermediary checking of the electrometer calibration&#8221;]Autores: Liana Machado, Ricardo Amorim Barbosa<\/p>\n<p><span class=\"vc_btn2-container vc_btn2-center\"><br \/>\n<a class=\"vc_general vc_btn3 vc_btn3-size-xl vc_btn3-shape-square vc_btn3-style-classic vc_btn3-color-om-accent-color-3 vc_btn3-icon-left\" href=\"https:\/\/metrologia2021.org.br\/?p=1893\"><span class=\"vc_btn3-inner\"><i class=\"vc_btn3-icon fa fa-file-pdf-o\"><\/i> P\u00e1gina do Artigo<\/span><\/a><br \/>\n<\/span>[\/om_agenda_item][om_agenda_item icon_fontawesome=&#8221;fa fa-check&#8221; speaker_links=&#8221;&#8221; title=&#8221;`{`204828`}` Controle da Qualidade do Servi\u00e7o de Calibra\u00e7\u00e3o das C\u00e2maras de Ioniza\u00e7\u00e3o tipo Po\u00e7o do Laborat\u00f3rio de Ci\u00eancias Radiol\u00f3gicas da UERJ&#8221;]Autores: Sandro Passos Leite, Maria Helena Mar\u00e9chal, Luis Alexandre Gon\u00e7alves Magalh\u00e3es, Carlos Frederico Estrada Alves, Vanessa Mondaini de Castro<\/p>\n<p><span class=\"vc_btn2-container vc_btn2-center\"><br \/>\n<a class=\"vc_general vc_btn3 vc_btn3-size-xl vc_btn3-shape-square vc_btn3-style-classic vc_btn3-color-om-accent-color-3 vc_btn3-icon-left\" href=\"https:\/\/metrologia2021.org.br\/?p=1895\"><span class=\"vc_btn3-inner\"><i class=\"vc_btn3-icon fa fa-file-pdf-o\"><\/i> P\u00e1gina do Artigo<\/span><\/a><br \/>\n<\/span>[\/om_agenda_item][om_agenda_item icon_fontawesome=&#8221;fa fa-check&#8221; speaker_links=&#8221;&#8221; title=&#8221;`{`204946`}` Protocolo para an\u00e1lise quantitativa de radionucl\u00eddeos em um laborat\u00f3rio m\u00f3vel radiol\u00f3gico e nuclear&#8221;]Autores: Rodrigo Carneiro Curzio, Paulo Ricardo Teles de Vilela, Avelino dos Santos, F\u00e1bio Gomes Vieira, Aneuri Souza de Amorim, Thiago de Medeiros Silva Silveira, Domingos D&#8217;Oliveira Cardoso, Ana Carolina Dos Anjos da Cruz Izid\u00f3rio, Luciano Santa Rita Oliveira<\/p>\n<p><span class=\"vc_btn2-container vc_btn2-center\"><br \/>\n<a class=\"vc_general vc_btn3 vc_btn3-size-xl vc_btn3-shape-square vc_btn3-style-classic vc_btn3-color-om-accent-color-3 vc_btn3-icon-left\" href=\"https:\/\/metrologia2021.org.br\/?p=1899\"><span class=\"vc_btn3-inner\"><i class=\"vc_btn3-icon fa fa-file-pdf-o\"><\/i> P\u00e1gina do Artigo<\/span><\/a><br \/>\n<\/span>[\/om_agenda_item][om_agenda_item icon_fontawesome=&#8221;fa fa-check&#8221; speaker_links=&#8221;&#8221; title=&#8221;`{`204947`}` The state of the art in management and metrology 4.0 for ionizing radiation&#8221;]Autores: Igor Fernando Modesto Garcia, Mario de Jesus Ferreira, Marcus V\u00edn\u00edcius Teixeira Navarro, Jos\u00e9 Guilherme Pereira Peixoto<\/p>\n<p><span class=\"vc_btn2-container vc_btn2-center\"><br \/>\n<a class=\"vc_general vc_btn3 vc_btn3-size-xl vc_btn3-shape-square vc_btn3-style-classic vc_btn3-color-om-accent-color-3 vc_btn3-icon-left\" href=\"https:\/\/metrologia2021.org.br\/?p=1901\"><span class=\"vc_btn3-inner\"><i class=\"vc_btn3-icon fa fa-file-pdf-o\"><\/i> P\u00e1gina do Artigo<\/span><\/a><br \/>\n<\/span>[\/om_agenda_item][om_agenda_item icon_fontawesome=&#8221;fa fa-check&#8221; speaker_links=&#8221;&#8221; title=&#8221;`{`205178`}` Sistema autom\u00e1tico de posicionamento de filtros para calibra\u00e7\u00e3o de dos\u00edmetros em feixes de raios x \u201csegunda proposta alternativa\u201d&#8221;]Autores: Jos\u00e9 Luiz Dias Ferreira da Silva, Ricardo Amorim Barbosa<\/p>\n<p><span class=\"vc_btn2-container vc_btn2-center\"><br \/>\n<a class=\"vc_general vc_btn3 vc_btn3-size-xl vc_btn3-shape-square vc_btn3-style-classic vc_btn3-color-om-accent-color-3 vc_btn3-icon-left\" href=\"https:\/\/metrologia2021.org.br\/?p=1909\"><span class=\"vc_btn3-inner\"><i class=\"vc_btn3-icon fa fa-file-pdf-o\"><\/i> P\u00e1gina do Artigo<\/span><\/a><br \/>\n<\/span>[\/om_agenda_item][om_agenda_item icon_fontawesome=&#8221;fa fa-check&#8221; speaker_links=&#8221;&#8221; title=&#8221;`{`205213`}` Contamina\u00e7\u00e3o e Remedia\u00e7\u00e3o&#8221;]Autores: Renato Pinheiro da Silva<\/p>\n<p><span class=\"vc_btn2-container vc_btn2-center\"><br \/>\n<a class=\"vc_general vc_btn3 vc_btn3-size-xl vc_btn3-shape-square vc_btn3-style-classic vc_btn3-color-om-accent-color-3 vc_btn3-icon-left\" href=\"https:\/\/metrologia2021.org.br\/?p=1911\"><span class=\"vc_btn3-inner\"><i class=\"vc_btn3-icon fa fa-file-pdf-o\"><\/i> P\u00e1gina do Artigo<\/span><\/a><br \/>\n<\/span>[\/om_agenda_item][om_agenda_item icon_fontawesome=&#8221;fa fa-check&#8221; speaker_links=&#8221;&#8221; title=&#8221;`{`205644`}` Overview of the inspection process of veterinary diagnostic radiology services in the city of Rio de Janeiro&#8221;]Autores: Elias Teixeira do Nascimento, Mariana Nascimento de Azevedo, Monaliza de Oliveira Almeida, Leonardo Santos Lopes, Carlos Henrique Sim\u00f5es de Sousa, Jos\u00e9 Guilherme Pereira Peixoto<\/p>\n<p><span class=\"vc_btn2-container vc_btn2-center\"><br \/>\n<a class=\"vc_general vc_btn3 vc_btn3-size-xl vc_btn3-shape-square vc_btn3-style-classic vc_btn3-color-om-accent-color-3 vc_btn3-icon-left\" href=\"https:\/\/metrologia2021.org.br\/?p=1971\"><span class=\"vc_btn3-inner\"><i class=\"vc_btn3-icon fa fa-file-pdf-o\"><\/i> P\u00e1gina do Artigo<\/span><\/a><br \/>\n<\/span>[\/om_agenda_item][om_agenda_item icon_fontawesome=&#8221;fa fa-check&#8221; speaker_links=&#8221;&#8221; title=&#8221;`{`206728`}` Metodologia para verifica\u00e7\u00e3o da estabilidade do sistema irradiador de C\u00e9sio-137 do Laborat\u00f3rio de Calibra\u00e7\u00e3o de Monitores de Radia\u00e7\u00e3o (LabCal) do IDQBRN&#8221;]Autores: Thiago de Medeiros Silveira Silva, Wallace Vallory Nunes, Domingos D&#8217;Oliveira Cardoso, Rodrigo Carneiro Curzio, Avelino dos Santos, Mario Cesar Viegas Balthar, Aneuri Souza de Amorim<\/p>\n<p><span class=\"vc_btn2-container vc_btn2-center\"><br \/>\n<a class=\"vc_general vc_btn3 vc_btn3-size-xl vc_btn3-shape-square vc_btn3-style-classic vc_btn3-color-om-accent-color-3 vc_btn3-icon-left\" href=\"https:\/\/metrologia2021.org.br\/?p=1963\"><span class=\"vc_btn3-inner\"><i class=\"vc_btn3-icon fa fa-file-pdf-o\"><\/i> P\u00e1gina do Artigo<\/span><\/a><br \/>\n<\/span>[\/om_agenda_item][om_agenda_item icon_fontawesome=&#8221;fa fa-check&#8221; speaker_links=&#8221;&#8221; title=&#8221;`{`207248`}` Mapa de Isodose em Radiografia Periapical Utilizando Simula\u00e7\u00e3o Monte Carlo&#8221;]Autores: Guilherme Brilhante Guimar\u00e3es, Lucio Pereira Neves, Ana Paula Perini, William de Souza Santos, Ot\u00e1vio Joaquim Tavares, Brenda Batalini Rodrigues, Beatriz Hellen Aparecida Pereira, Ariadny Thayla Machado<\/p>\n<p><span class=\"vc_btn2-container vc_btn2-center\"><br \/>\n<a class=\"vc_general vc_btn3 vc_btn3-size-xl vc_btn3-shape-square vc_btn3-style-classic vc_btn3-color-om-accent-color-3 vc_btn3-icon-left\" href=\"https:\/\/metrologia2021.org.br\/?p=1973\"><span class=\"vc_btn3-inner\"><i class=\"vc_btn3-icon fa fa-file-pdf-o\"><\/i> P\u00e1gina do Artigo<\/span><\/a><br \/>\n<\/span>[\/om_agenda_item][om_agenda_item icon_fontawesome=&#8221;fa fa-check&#8221; speaker_links=&#8221;&#8221; title=&#8221;`{`207708`}` The Stripping Method for X-Ray Spectral Correction at Diagnostic Energy Range&#8221;]Autores: Matheus Rebello do Nascimento, Jos\u00e9 Guilherme Pereira Peixoto, Leonardo de Castro Pac\u00edfico, Eric Matos Macedo, Josilene Cerqueira Santos<\/p>\n<p><span class=\"vc_btn2-container vc_btn2-center\"><br \/>\n<a class=\"vc_general vc_btn3 vc_btn3-size-xl vc_btn3-shape-square vc_btn3-style-classic vc_btn3-color-om-accent-color-3 vc_btn3-icon-left\" href=\"https:\/\/metrologia2021.org.br\/?p=1975\"><span class=\"vc_btn3-inner\"><i class=\"vc_btn3-icon fa fa-file-pdf-o\"><\/i> P\u00e1gina do Artigo<\/span><\/a><br \/>\n<\/span>[\/om_agenda_item][om_agenda_item icon_fontawesome=&#8221;fa fa-check&#8221; speaker_links=&#8221;&#8221; title=&#8221;`{`207846`}` Depend\u00eancia da resolu\u00e7\u00e3o em energia em fun\u00e7\u00e3o da temperatura de uma fotomultiplicadora de sil\u00edcio acoplada a um cristal cintilador&#8221;]Autores: Solano Rigotti Caiano, H\u00e9lio Massaharu Murata, Daniel Alexandre Baptista Bonif\u00e1cio, Marco Aur\u00e9lio Lisboa Leite, M\u00e1rcio Bottaro, Vanderlei Cruz<\/p>\n<p><span class=\"vc_btn2-container vc_btn2-center\"><br \/>\n<a class=\"vc_general vc_btn3 vc_btn3-size-xl vc_btn3-shape-square vc_btn3-style-classic vc_btn3-color-om-accent-color-3 vc_btn3-icon-left\" href=\"https:\/\/metrologia2021.org.br\/?p=1980\"><span class=\"vc_btn3-inner\"><i class=\"vc_btn3-icon fa fa-file-pdf-o\"><\/i> P\u00e1gina do Artigo<\/span><\/a><br \/>\n<\/span>[\/om_agenda_item][om_agenda_item icon_fontawesome=&#8221;fa fa-check&#8221; speaker_links=&#8221;&#8221; title=&#8221;`{`208034`}` Virtual Laboratory of Ionizing Radiation Metrology: Validation by spectrometry&#8221;]Autores: Eric Matos Macedo, Walmir Belinato, Jos\u00e9 Guilherme P Peixoto, Marcus Navarro, William S Santos, Igor F M Garcia, Leonardo Pac\u00edfico, Matheus Rebello Nascimento, Jeovana Ferreira<\/p>\n<p><span class=\"vc_btn2-container vc_btn2-center\"><br \/>\n<a class=\"vc_general vc_btn3 vc_btn3-size-xl vc_btn3-shape-square vc_btn3-style-classic vc_btn3-color-om-accent-color-3 vc_btn3-icon-left\" href=\"https:\/\/metrologia2021.org.br\/?p=1985\"><span class=\"vc_btn3-inner\"><i class=\"vc_btn3-icon fa fa-file-pdf-o\"><\/i> P\u00e1gina do Artigo<\/span><\/a><br \/>\n<\/span>[\/om_agenda_item][om_agenda_item icon_fontawesome=&#8221;fa fa-check&#8221; speaker_links=&#8221;&#8221; title=&#8221;`{`208261`}` Influ\u00eancia de detectores de radia\u00e7\u00e3o no c\u00e1lculo da dose glandular m\u00e9dia (DGM)&#8221;]Autores: Henrique Viccari Cabete, Orlando Rodrigues Junior, Renato Semmler, Rafael Eidi Goto<\/p>\n<p><span class=\"vc_btn2-container vc_btn2-center\"><br \/>\n<a class=\"vc_general vc_btn3 vc_btn3-size-xl vc_btn3-shape-square vc_btn3-style-classic vc_btn3-color-om-accent-color-3 vc_btn3-icon-left\" href=\"https:\/\/metrologia2021.org.br\/?p=1989\"><span class=\"vc_btn3-inner\"><i class=\"vc_btn3-icon fa fa-file-pdf-o\"><\/i> P\u00e1gina do Artigo<\/span><\/a><br \/>\n<\/span>[\/om_agenda_item][om_agenda_item icon_fontawesome=&#8221;fa fa-check&#8221; speaker_links=&#8221;&#8221; title=&#8221;`{`208283`}` Implanta\u00e7\u00e3o das s\u00e9ries de qualidades da radia\u00e7\u00e3o W-Ag, W-Pd e W-Rh aplicadas em mamografia \u2013 Parte I. Base metrol\u00f3gica Jeovana Santos Ferreira, Marcus Vin\u00edcius Teixeira Navarro, Daniele Andrade Corr\u00eaa de Jesus, Igor Fernando Madesto Garcia, Eric Matos Macedo&#8221;]Autores: Jeovana Santos Ferreira, Marcus Vin\u00edcius Teixeira Navarro, Daniele Andrade Corr\u00eaa de Jesus, Igor Fernando Madesto Garcia, Eric Matos Macedo<\/p>\n<p><span class=\"vc_btn2-container vc_btn2-center\"><br \/>\n<a class=\"vc_general vc_btn3 vc_btn3-size-xl vc_btn3-shape-square vc_btn3-style-classic vc_btn3-color-om-accent-color-3 vc_btn3-icon-left\" href=\"https:\/\/metrologia2021.org.br\/?p=1991\"><span class=\"vc_btn3-inner\"><i class=\"vc_btn3-icon fa fa-file-pdf-o\"><\/i> P\u00e1gina do Artigo<\/span><\/a><br \/>\n<\/span>[\/om_agenda_item][om_agenda_item icon_fontawesome=&#8221;fa fa-check&#8221; speaker_links=&#8221;&#8221; title=&#8221;`{`208291`}` EGSnrc HVL Evaluation of Barite Mixtures&#8221;]Autores: Monaliza de Oliveira Almeida, Jos\u00e9 Guilherme Pereira Peixoto, Carlos Henrique Sim\u00f5es de Sousa, Matheus Rabello do Nascimento<\/p>\n<p><span class=\"vc_btn2-container vc_btn2-center\"><br \/>\n<a class=\"vc_general vc_btn3 vc_btn3-size-xl vc_btn3-shape-square vc_btn3-style-classic vc_btn3-color-om-accent-color-3 vc_btn3-icon-left\" href=\"https:\/\/metrologia2021.org.br\/?p=1993\"><span class=\"vc_btn3-inner\"><i class=\"vc_btn3-icon fa fa-file-pdf-o\"><\/i> P\u00e1gina do Artigo<\/span><\/a><br \/>\n<\/span>[\/om_agenda_item][om_agenda_item icon_fontawesome=&#8221;fa fa-check&#8221; speaker_links=&#8221;&#8221; title=&#8221;`{`208309`}` Evaluation of uncertainties in magnetic resonance images (MRI) associated with radiotherapy treatment planning using head phantom with dosimeter gel&#8221;]Autores: Jo\u00e3o Henrique Hamann da Silva, Ot\u00e1vio Riani de Oliveira, Jos\u00e9 Guilherme Pereira Peixoto<\/p>\n<p><span class=\"vc_btn2-container vc_btn2-center\"><br \/>\n<a class=\"vc_general vc_btn3 vc_btn3-size-xl vc_btn3-shape-square vc_btn3-style-classic vc_btn3-color-om-accent-color-3 vc_btn3-icon-left\" href=\"https:\/\/metrologia2021.org.br\/?p=1995\"><span class=\"vc_btn3-inner\"><i class=\"vc_btn3-icon fa fa-file-pdf-o\"><\/i> P\u00e1gina do Artigo<\/span><\/a><br \/>\n<\/span>[\/om_agenda_item][om_agenda_item icon_fontawesome=&#8221;fa fa-check&#8221; speaker_links=&#8221;&#8221; title=&#8221;`{`208318`}` Use of a smart system based on Arduino to estimate the OEI\u2019s ambient dose equivalent H*(10)&#8221;]Autores: Beatriz Silva de Assis, Jos\u00e9 Guilherme Pereira Peixoto, Leonardo de Castro Pac\u00edfico<\/p>\n<p><span class=\"vc_btn2-container vc_btn2-center\"><br \/>\n<a class=\"vc_general vc_btn3 vc_btn3-size-xl vc_btn3-shape-square vc_btn3-style-classic vc_btn3-color-om-accent-color-3 vc_btn3-icon-left\" href=\"https:\/\/metrologia2021.org.br\/?p=1997\"><span class=\"vc_btn3-inner\"><i class=\"vc_btn3-icon fa fa-file-pdf-o\"><\/i> P\u00e1gina do Artigo<\/span><\/a><br \/>\n<\/span>[\/om_agenda_item][om_agenda_item icon_fontawesome=&#8221;fa fa-check&#8221; speaker_links=&#8221;&#8221; title=&#8221;`{`208360`}` Improvement Study Of The Iodine-123 Production Line Shielding On CV-28 Cyclotron&#8221;]Autores: Bianca Lamarca da Cruz<\/p>\n<p><span class=\"vc_btn2-container vc_btn2-center\"><br \/>\n<a class=\"vc_general vc_btn3 vc_btn3-size-xl vc_btn3-shape-square vc_btn3-style-classic vc_btn3-color-om-accent-color-3 vc_btn3-icon-left\" href=\"https:\/\/metrologia2021.org.br\/?p=2002\"><span class=\"vc_btn3-inner\"><i class=\"vc_btn3-icon fa fa-file-pdf-o\"><\/i> P\u00e1gina do Artigo<\/span><\/a><br \/>\n<\/span>[\/om_agenda_item][om_agenda_item icon_fontawesome=&#8221;fa fa-check&#8221; speaker_links=&#8221;&#8221; title=&#8221;`{`207979`}` A methodology to validate intra-laboratory comparisons and define the certified value of radionuclides&#8221;]Autores: Dayana Azeredo da Concei\u00e7\u00e3o, Carlos Jos\u00e9 da Silva, Johnny A. Rangel, Eduardo Vieira de Veras, Jos\u00e9 Ubiratan Delgado<\/p>\n<p><span class=\"vc_btn2-container vc_btn2-center\"><br \/>\n<a class=\"vc_general vc_btn3 vc_btn3-size-xl vc_btn3-shape-square vc_btn3-style-classic vc_btn3-color-om-accent-color-3 vc_btn3-icon-left\" href=\"https:\/\/metrologia2021.org.br\/?p=2004\"><span class=\"vc_btn3-inner\"><i class=\"vc_btn3-icon fa fa-file-pdf-o\"><\/i> P\u00e1gina do Artigo<\/span><\/a><br \/>\n<\/span>[\/om_agenda_item][om_agenda_item icon_fontawesome=&#8221;fa fa-check&#8221; speaker_links=&#8221;&#8221; title=&#8221;`{`208361`}` Increase in the collective effective dose during the COVID-19 pandemic because of X-ray and computed tomography exams in the State of Rio de Janeiro&#8221;]Autores: Leonardo de Castro Pacifico, Luis Alexandre Gon\u00e7alves Magalh\u00e3es, Juliana de Moura Nascimento<\/p>\n<p><span class=\"vc_btn2-container vc_btn2-center\"><br \/>\n<a class=\"vc_general vc_btn3 vc_btn3-size-xl vc_btn3-shape-square vc_btn3-style-classic vc_btn3-color-om-accent-color-3 vc_btn3-icon-left\" href=\"https:\/\/metrologia2021.org.br\/?p=2008\"><span class=\"vc_btn3-inner\"><i class=\"vc_btn3-icon fa fa-file-pdf-o\"><\/i> P\u00e1gina do Artigo<\/span><\/a><br \/>\n<\/span>[\/om_agenda_item][\/om_agenda_day][\/om_agenda][\/vc_column][\/vc_row][vc_row][vc_column][\/vc_column][\/vc_row]<\/p>\n","protected":false},"excerpt":{"rendered":"<p>[vc_row][vc_column][vc_message message_box_style=&#8221;outline&#8221; message_box_color=&#8221;om-accent-color-3&#8243; icon_fontawesome=&#8221;fa fa-book&#8221;] ISBN: 978-65-994975-8-2 [\/vc_message][om_agenda][om_agenda_day color=&#8221;om-accent-color-3&#8243; title=&#8221;SEGUNDA-FEIRA &#8211; SALA A &#8211; S\u00cdNCRONA&#8221; date=&#8221;18\/10\/2021&#8243;][om_agenda_item speaker_links=&#8221;&#8221; time=&#8221;12 h 30 min &#8211; 12 h 40&hellip;<\/p>\n<p><a href=\"https:\/\/metrologia2021.org.br\/?page_id=1455\" class=\"read-more-link\"><span class=\"read-more-icon\"><\/span>Leia mais<\/a><\/p>\n","protected":false},"author":1,"featured_media":0,"parent":0,"menu_order":0,"comment_status":"closed","ping_status":"closed","template":"","meta":[],"_links":{"self":[{"href":"https:\/\/metrologia2021.org.br\/index.php?rest_route=\/wp\/v2\/pages\/1455"}],"collection":[{"href":"https:\/\/metrologia2021.org.br\/index.php?rest_route=\/wp\/v2\/pages"}],"about":[{"href":"https:\/\/metrologia2021.org.br\/index.php?rest_route=\/wp\/v2\/types\/page"}],"author":[{"embeddable":true,"href":"https:\/\/metrologia2021.org.br\/index.php?rest_route=\/wp\/v2\/users\/1"}],"replies":[{"embeddable":true,"href":"https:\/\/metrologia2021.org.br\/index.php?rest_route=%2Fwp%2Fv2%2Fcomments&post=1455"}],"version-history":[{"count":26,"href":"https:\/\/metrologia2021.org.br\/index.php?rest_route=\/wp\/v2\/pages\/1455\/revisions"}],"predecessor-version":[{"id":2263,"href":"https:\/\/metrologia2021.org.br\/index.php?rest_route=\/wp\/v2\/pages\/1455\/revisions\/2263"}],"wp:attachment":[{"href":"https:\/\/metrologia2021.org.br\/index.php?rest_route=%2Fwp%2Fv2%2Fmedia&parent=1455"}],"curies":[{"name":"wp","href":"https:\/\/api.w.org\/{rel}","templated":true}]}}