{"id":314,"date":"2016-04-01T10:08:19","date_gmt":"2016-04-01T10:08:19","guid":{"rendered":"http:\/\/demo.olevmedia.net\/eventerra\/?page_id=314"},"modified":"2022-09-19T15:52:40","modified_gmt":"2022-09-19T18:52:40","slug":"contatos","status":"publish","type":"page","link":"https:\/\/metrologia2021.org.br\/?page_id=314","title":{"rendered":"CONTATO"},"content":{"rendered":"<p>[vc_row][vc_column][vc_empty_space height=&#8221;30px&#8221;][vc_row_inner][vc_column_inner width=&#8221;1\/2&#8243;][vc_custom_heading text=&#8221;SBM &#8211; Sociedade Brasileira de Metrologia&#8221; uppercase=&#8221;yes&#8221; font_container=&#8221;tag:h4|text_align:left&#8221;][om_reduce_space height=&#8221;1.5em&#8221;][vc_column_text]A Sociedade Brasileira de Metrologia \u00e9 uma associa\u00e7\u00e3o de direito privado, sem fins lucrativos e econ\u00f4micos, fundada em 17 de agosto de 1995, congregando profissionais e organiza\u00e7\u00f5es interessados no desenvolvimento e fortalecimento da metrologia brasileira, em sintonia com modernas pr\u00e1ticas e tend\u00eancias internacionais.<\/p>\n<p>A sede f\u00edsica da SBM est\u00e1 localizada na Rua Nilo Pe\u00e7anha, 50, sala 2512, no Centro do Rio de Janeiro.<\/p>\n<p><strong>COMISS\u00c3O ORGANIZADORA<\/strong><\/p>\n<ul>\n<li>Am\u00e9rico Trist\u00e3o Bernardes (UFOP\/SBM) \u2013 Presidente<\/li>\n<li>Alexandre Mendes (IFRJ\/SBM)<\/li>\n<li>Aurea Valadares (Inmetro) &#8211; Coordenadora da Remeq-I<\/li>\n<li>Daniel Louzada (PUC \u2013 RJ) \u2013 coordenador CIMMEC<\/li>\n<li>Gelson M Rocha (Inmetro) \u2013 coordenador SEMETRO<\/li>\n<li>Iakyra B Couceiro (Inmetro) \u2013 coordenadora CBMO<\/li>\n<li>Jos\u00e9 Guilherme P.Peixoto (IRD) \u2013 coordenador CBMRI<\/li>\n<li>Jose Mauro Granjeiro (Inmetro)<\/li>\n<li>Rodrigo Pereira Barretto da Costa Felix (Inmetro\/SBM)<\/li>\n<li>Thais Medeiros Rodrigues (SBM)<\/li>\n<li>Vanderl\u00e9a de Souza (Inmetro)<\/li>\n<\/ul>\n<p>[\/vc_column_text][vc_empty_space height=&#8221;1px&#8221;][vc_column_text]Entre em contato conosco!<\/p>\n<table style=\"width: 377px; height: 16px;\">\n<tbody>\n<tr>\n<td style=\"width: 22px; margin: auto;\"><img loading=\"lazy\" class=\"lazyload wp-image-7013 alignleft\" style=\"margin: auto;\" src=\"data:image\/gif;base64,R0lGODlhAQABAAAAACH5BAEKAAEALAAAAAABAAEAAAICTAEAOw==\" data-src=\"https:\/\/metrologia.org.br\/wpsite\/wp-content\/uploads\/2016\/04\/whatsapp-logo-150x150.png\" alt=\"whatsapp-logo\" width=\"20\" height=\"20\" \/><\/td>\n<td style=\"font-weight: bold;\"><a href=\"http:\/\/api.whatsapp.com\/send?phone=5522997011466\" target=\"_blank\" rel=\"noopener\">(22) 99701-1466\u00a0<\/a><\/td>\n<\/tr>\n<\/tbody>\n<\/table>\n<div class=\"textwidget custom-html-widget\">\n<p><i class=\"fa fa-envelope\"><\/i><a title=\"Nosso Email\" href=\"mailto:eventos@metrologia.org.br\">\u00a0eventos@metrologia.org.br<\/a><\/p>\n<p><i class=\"fa fa-globe\"><\/i> \u00a0<a href=\"https:\/\/metrologia.org.br\/\">https:\/\/metrologia.org.br\/<\/a><\/p>\n<\/div>\n<p>[\/vc_column_text][\/vc_column_inner][vc_column_inner width=&#8221;1\/2&#8243;][vc_custom_heading text=&#8221;Nos envie uma mensagem&#8221; uppercase=&#8221;yes&#8221; font_container=&#8221;tag:h3|text_align:left&#8221;]<div role=\"form\" class=\"wpcf7\" id=\"wpcf7-f321-o1\" lang=\"en-US\" dir=\"ltr\">\n<div class=\"screen-reader-response\"><p role=\"status\" aria-live=\"polite\" aria-atomic=\"true\"><\/p> <ul><\/ul><\/div>\n<form action=\"\/index.php?rest_route=%2Fwp%2Fv2%2Fpages%2F314#wpcf7-f321-o1\" method=\"post\" class=\"wpcf7-form init\" novalidate=\"novalidate\" data-status=\"init\">\n<div style=\"display: none;\">\n<input type=\"hidden\" name=\"_wpcf7\" value=\"321\" \/>\n<input type=\"hidden\" name=\"_wpcf7_version\" value=\"5.3.2\" \/>\n<input type=\"hidden\" name=\"_wpcf7_locale\" value=\"en_US\" \/>\n<input type=\"hidden\" name=\"_wpcf7_unit_tag\" value=\"wpcf7-f321-o1\" \/>\n<input type=\"hidden\" name=\"_wpcf7_container_post\" value=\"0\" \/>\n<input type=\"hidden\" name=\"_wpcf7_posted_data_hash\" value=\"\" \/>\n<\/div>\n<p><span class=\"wpcf7-form-control-wrap your-name\"><input type=\"text\" name=\"your-name\" value=\"\" size=\"40\" class=\"wpcf7-form-control wpcf7-text wpcf7-validates-as-required\" aria-required=\"true\" aria-invalid=\"false\" placeholder=\"Seu Nome\" \/><\/span><\/p>\n<p><span class=\"wpcf7-form-control-wrap your-email\"><input type=\"email\" name=\"your-email\" value=\"\" size=\"40\" class=\"wpcf7-form-control wpcf7-text wpcf7-email wpcf7-validates-as-required wpcf7-validates-as-email\" aria-required=\"true\" aria-invalid=\"false\" placeholder=\"Seu Email\" \/><\/span><\/p>\n<p><span class=\"wpcf7-form-control-wrap your-message\"><textarea name=\"your-message\" cols=\"40\" rows=\"4\" class=\"wpcf7-form-control wpcf7-textarea\" aria-invalid=\"false\" placeholder=\"Sua mensagem\"><\/textarea><\/span><\/p>\n<p><input type=\"submit\" value=\"Enviar\" class=\"wpcf7-form-control wpcf7-submit\" \/><\/p>\n<div class=\"wpcf7-response-output\" aria-hidden=\"true\"><\/div><\/form><\/div>[\/vc_column_inner][\/vc_row_inner][vc_empty_space height=&#8221;30px&#8221;][vc_gmaps link=&#8221;#E-8_JTNDaWZyYW1lJTIwc3JjJTNEJTIyaHR0cHMlM0ElMkYlMkZ3d3cuZ29vZ2xlLmNvbSUyRm1hcHMlMkZlbWJlZCUzRnBiJTNEJTIxMW0xOCUyMTFtMTIlMjExbTMlMjExZDM2NzUuMTk3NTYzNzkxNzM3NiUyMTJkLTQzLjE3OTg4OTU4NTcwMzgyJTIxM2QtMjIuOTA2MDgyNzQzNjAzMDg2JTIxMm0zJTIxMWYwJTIxMmYwJTIxM2YwJTIxM20yJTIxMWkxMDI0JTIxMmk3NjglMjE0ZjEzLjElMjEzbTMlMjExbTIlMjExczB4OTk3ZjVlMjY0Y2Y4NDklMjUzQTB4NTQyYjZmYmFlODllOTdiYSUyMTJzQXYuJTJCTmlsbyUyQlBlJTI1QzMlMjVBN2FuaGElMjUyQyUyQjUwJTJCLSUyQkNlbnRybyUyNTJDJTJCUmlvJTJCZGUlMkJKYW5laXJvJTJCLSUyQlJKJTIxNWUwJTIxM20yJTIxMXNwdC1CUiUyMTJzYnIlMjE0djE0NTI3MDc5MjA4NTMlMjIlMjB3aWR0aCUzRCUyMjYwMCUyMiUyMGhlaWdodCUzRCUyMjQ1MCUyMiUyMGZyYW1lYm9yZGVyJTNEJTIyMCUyMiUyMHN0eWxlJTNEJTIyYm9yZGVyJTNBMCUyMiUyMGFsbG93ZnVsbHNjcmVlbiUzRSUzQyUyRmlmcmFtZSUzRQ==&#8221; size=&#8221;400&#8243; remove_margins=&#8221;yes&#8221;][om_reduce_space height=&#8221;3em&#8221;][\/vc_column][\/vc_row]<\/p>\n","protected":false},"excerpt":{"rendered":"<p>[vc_row][vc_column][vc_empty_space height=&#8221;30px&#8221;][vc_row_inner][vc_column_inner width=&#8221;1\/2&#8243;][vc_custom_heading text=&#8221;SBM &#8211; Sociedade Brasileira de Metrologia&#8221; uppercase=&#8221;yes&#8221; font_container=&#8221;tag:h4|text_align:left&#8221;][om_reduce_space height=&#8221;1.5em&#8221;][vc_column_text]A Sociedade Brasileira de Metrologia \u00e9 uma associa\u00e7\u00e3o de direito privado, sem fins lucrativos&hellip;<\/p>\n<p><a href=\"https:\/\/metrologia2021.org.br\/?page_id=314\" class=\"read-more-link\"><span class=\"read-more-icon\"><\/span>Leia mais<\/a><\/p>\n","protected":false},"author":1,"featured_media":0,"parent":0,"menu_order":0,"comment_status":"closed","ping_status":"closed","template":"","meta":[],"_links":{"self":[{"href":"https:\/\/metrologia2021.org.br\/index.php?rest_route=\/wp\/v2\/pages\/314"}],"collection":[{"href":"https:\/\/metrologia2021.org.br\/index.php?rest_route=\/wp\/v2\/pages"}],"about":[{"href":"https:\/\/metrologia2021.org.br\/index.php?rest_route=\/wp\/v2\/types\/page"}],"author":[{"embeddable":true,"href":"https:\/\/metrologia2021.org.br\/index.php?rest_route=\/wp\/v2\/users\/1"}],"replies":[{"embeddable":true,"href":"https:\/\/metrologia2021.org.br\/index.php?rest_route=%2Fwp%2Fv2%2Fcomments&post=314"}],"version-history":[{"count":11,"href":"https:\/\/metrologia2021.org.br\/index.php?rest_route=\/wp\/v2\/pages\/314\/revisions"}],"predecessor-version":[{"id":2379,"href":"https:\/\/metrologia2021.org.br\/index.php?rest_route=\/wp\/v2\/pages\/314\/revisions\/2379"}],"wp:attachment":[{"href":"https:\/\/metrologia2021.org.br\/index.php?rest_route=%2Fwp%2Fv2%2Fmedia&parent=314"}],"curies":[{"name":"wp","href":"https:\/\/api.w.org\/{rel}","templated":true}]}}