{"id":596,"date":"2021-01-11T12:54:14","date_gmt":"2021-01-11T15:54:14","guid":{"rendered":"https:\/\/metrologia2021.org.br\/?page_id=596"},"modified":"2021-10-29T17:51:59","modified_gmt":"2021-10-29T20:51:59","slug":"submissao-de-trabalhos","status":"publish","type":"page","link":"https:\/\/metrologia2021.org.br\/?page_id=596","title":{"rendered":"SUBMISS\u00c3O DE TRABALHOS E V\u00cdDEOS"},"content":{"rendered":"<p>[vc_row][vc_column][vc_text_separator title=&#8221;REGRAS PARA ENVIO DOS V\u00cdDEOS (S\u00edncrona e Ass\u00edncrona)&#8221; color=&#8221;om-accent-color-3&#8243; add_icon=&#8221;true&#8221;][vc_message color=&#8221;success&#8221; add_shadow=&#8221;yes&#8221; message_box_color=&#8221;success&#8221; icon_fontawesome=&#8221;fa fa-check&#8221;]<b>CONFIRA A CATEGORIA DE SEU ARTIGO NO MENU &gt; PROGRAMA<\/b><b>\u00a0<\/b>[\/vc_message][vc_column_text]Os autores dever\u00e3o gravar o v\u00eddeo seguindo as seguintes regras:<br \/>\n<i><\/i><\/p>\n<p><strong>Formato do v\u00eddeo:<\/strong> mp4<\/p>\n<p><strong>Dura\u00e7\u00e3o: Apresenta\u00e7\u00e3o s\u00edncrona <\/strong>m\u00ednimo 10 min e\u00a0m\u00e1ximo de 15 min \/\u00a0 <strong>Apresenta\u00e7\u00e3o ass\u00edncrona <\/strong>de m\u00e1ximo de 5 min<\/p>\n<p><strong>Tamanho m\u00e1ximo do v\u00eddeo:<\/strong> 1GB<\/p>\n<p><strong>Prazo para envio: <span style=\"color: #800000;\">08\/10<\/span><\/strong><\/p>\n<p>&nbsp;<\/p>\n<p>Para d\u00favidas: <a title=\"Nosso Email\" href=\"mailto:eventos@metrologia.org.br\" target=\"_blank\" rel=\"noopener\"><i><\/i>eventos@metrologia.org.br<\/a>[\/vc_column_text][vc_text_separator title=&#8221;APRESENTA\u00c7\u00c3O DE TRABALHOS&#8221; color=&#8221;om-accent-color-3&#8243; add_icon=&#8221;true&#8221;][vc_column_text]<\/p>\n<div>Os trabalhos submetidos ao congresso, ap\u00f3s serem avaliados e aprovados pelo Comit\u00ea T\u00e9cnico Cient\u00edfico, ser\u00e3o selecionados para apresenta\u00e7\u00e3o oral e em p\u00f4ster. O formato de apresenta\u00e7\u00e3o ser\u00e1 divulgado no dia 17\/09\/21.<\/div>\n<div><\/div>\n<div><\/div>\n<div>\n<h4><span style=\"color: #005aa6;\"><b>Apresenta\u00e7\u00e3o S\u00edncrona (Ao vivo\/Online):<\/b><\/span><b><\/b><\/h4>\n<div>A apresenta\u00e7\u00e3o ser\u00e1 um v\u00eddeo de 15 min, transmitido ao vivo no evento.<\/div>\n<div><\/div>\n<div>No formul\u00e1rio de submiss\u00e3o escolha a op\u00e7\u00e3o COMUNICA\u00c7\u00c3O ORAL na modalidade de apresenta\u00e7\u00e3o.<\/div>\n<h5><strong>Como funcionar\u00e1?<\/strong><\/h5>\n<div>\n<div>\u2013 Os autores dever\u00e3o enviar um v\u00eddeo com a apresenta\u00e7\u00e3o do trabalho (dura\u00e7\u00e3o m\u00e1xima: 15 min);<\/div>\n<div>\u2013 A grava\u00e7\u00e3o ser\u00e1 apresentada no congresso em data e hor\u00e1ria agendada;<\/div>\n<div>\u2013 Os autores dever\u00e3o estar dispon\u00edveis na plataforma online do congresso, para responder d\u00favidas. Tempo para perguntas: 5 min.<\/div>\n<\/div>\n<div><\/div>\n<h4><span style=\"color: #005aa6;\"><b>Apresenta\u00e7\u00e3o Ass\u00edncrona:<\/b><\/span><b><\/b><\/h4>\n<div>A apresenta\u00e7\u00e3o ser\u00e1 um v\u00eddeo de 5 min, que ficar\u00e1 dispon\u00edvel no site do evento.<\/div>\n<div><\/div>\n<div>No formul\u00e1rio de submiss\u00e3o escolha a op\u00e7\u00e3o V\u00cdDEO na modalidade de apresenta\u00e7\u00e3o.<\/div>\n<h5><strong>Como funcionar\u00e1?<\/strong><\/h5>\n<div>\n<div>\u2013 Os autores dever\u00e3o enviar um v\u00eddeo com a apresenta\u00e7\u00e3o do trabalho (dura\u00e7\u00e3o m\u00e1xima: 5 min);<\/div>\n<div>\u2013 A grava\u00e7\u00e3o ser\u00e1 disponibilizada no site do congresso;<\/div>\n<div>\u2013 Os autores dever\u00e3o responder as perguntas dispon\u00edveis no chat do site do congresso.<\/div>\n<\/div>\n<\/div>\n<div><\/div>\n<p>[\/vc_column_text][vc_text_separator title=&#8221;INFORMA\u00c7\u00d5ES GERAIS&#8221; color=&#8221;om-accent-color-3&#8243; add_icon=&#8221;true&#8221;][vc_column_text]A submiss\u00e3o de trabalhos no METROLOGIA 2021 ser\u00e1 realizada por evento.<\/p>\n<p>Primeiro voc\u00ea deve selecionar o evento que gostaria de enviar seu trabalho. Conhe\u00e7a os temas dispon\u00edveis em cada evento e escolha o que melhor se enquadra com seu artigo.[\/vc_column_text][vc_btn title=&#8221;CLIQUE AQUI PARA VER OS TEMAS&#8221; color=&#8221;om-accent-color-3&#8243; link=&#8221;url:https%3A%2F%2Fmetrologia2021.org.br%2F%3Fpage_id%3D719|||&#8221;][vc_column_text]A data de in\u00edcio para submiss\u00e3o de trabalhos \u00e9 dia 05\/04\/2021. O modelo para para reda\u00e7\u00e3o do artigo, e as formas de apresenta\u00e7\u00e3o est\u00e3o logo abaixo, nesta mesma p\u00e1gina. Antes de passar para o seu evento espec\u00edfico, d\u00ea uma olhada nas instru\u00e7\u00f5es.<\/p>\n<p>Ao clicar no link do evento que voc\u00ea deseja enviar o seu trabalho, indicado na tabela a seguir, ir\u00e1 abrir uma p\u00e1gina contendo o sistema de submiss\u00e3o de trabalhos destinados para aquele evento.[\/vc_column_text][om_html_table style=&#8221;striped&#8221;]JTNDdGFibGUlMjAlMjBzdHlsZSUzRCUyMndpZHRoJTNBJTIwNzAlMjUlMjAlMjFpbXBvcnRhbnQlM0IlMjIlM0UlMEElM0N0Ym9keSUzRSUwQSUzQ3RyJTNFJTBBJTNDdGQlMjB3aWR0aCUzRCUyMjQyNSUyMiUzRSUzQ2ElMjBocmVmJTNEJTIyaHR0cHMlM0ElMkYlMkZtZXRyb2xvZ2lhMjAyMS5vcmcuYnIlMkYlM0ZwYWdlX2lkJTNEODY0JTIyJTNFJTNDc3Ryb25nJTNFQ0JNJTNDJTJGc3Ryb25nJTNFJTNDJTJGYSUzRSVDMiVBMDExJUMyJUJBJTIwQ29uZ3Jlc3NvJTIwQnJhc2lsZWlybyUyMGRlJTIwTWV0cm9sb2dpYSUzQiUzQyUyRnRkJTNFJTBBJTNDdGQlMjB3aWR0aCUzRCUyMjE0MSUyMiUzRSUwQSUzQ3NwYW4lMjBjbGFzcyUzRCUyMnZjX2J0bjMtY29udGFpbmVyJTIwdmNfYnRuMy1pbmxpbmUlMjIlM0UlMEElM0NhJTIwaHJlZiUzRCUyMmh0dHBzJTNBJTJGJTJGZG9pdHkuY29tLmJyJTJGY2JtJTJGaW5mb3JtYWNvZXMlMjIlMjB0aXRsZSUzRCUyMiUyMiUyMGNsYXNzJTNEJTIydmNfZ2VuZXJhbCUyMHZjX2J0bjMlMjB2Y19idG4zLXNpemUtbWQlMjB2Y19idG4zLXNoYXBlLXNxdWFyZSUyMHZjX2J0bjMtc3R5bGUtY2xhc3NpYyUyMHZjX2J0bjMtY29sb3Itb20tYWNjZW50LWNvbG9yLTElMjIlM0UlM0NzcGFuJTIwY2xhc3MlM0QlMjJ2Y19idG4zLWlubmVyJTIyJTNFQ0xJUVVFJTIwQVFVSSUzQyUyRnNwYW4lM0UlM0MlMkZhJTNFJTBBJTNDJTJGc3BhbiUzRSUzQyUyRnRkJTNFJTBBJTNDJTJGdHIlM0UlMEElM0N0ciUzRSUwQSUzQ3RkJTIwd2lkdGglM0QlMjI0MjUlMjIlM0UlQzIlQTAlM0NhJTIwaHJlZiUzRCUyMmh0dHBzJTNBJTJGJTJGbWV0cm9sb2dpYTIwMjEub3JnLmJyJTJGJTNGcGFnZV9pZCUzRDc3MSUyMiUzRSUzQ3N0cm9uZyUzRVNFTUVUUk8lM0MlMkZzdHJvbmclM0UlM0MlMkZhJTNFJUMyJUEwJUUyJTgwJTkzJTIwWElWJTIwQ29uZ3Jlc3NvJTIwSW50ZXJuYWNpb25hbCUyMGRlJTIwTWV0cm9sb2dpYSUyMEVsJUMzJUE5dHJpY2ElM0IlM0MlMkZ0ZCUzRSUwQSUzQ3RkJTIwd2lkdGglM0QlMjIxNDElMjIlM0UlM0NzcGFuJTIwY2xhc3MlM0QlMjJ2Y19idG4zLWNvbnRhaW5lciUyMHZjX2J0bjMtaW5saW5lJTIyJTNFJTBBJTNDYSUyMGhyZWYlM0QlMjJodHRwcyUzQSUyRiUyRmRvaXR5LmNvbS5iciUyRnNlbWV0cm8lMkZpbmZvcm1hY29lcyUyMiUyMHRpdGxlJTNEJTIyJTIyJTIwY2xhc3MlM0QlMjJ2Y19nZW5lcmFsJTIwdmNfYnRuMyUyMHZjX2J0bjMtc2l6ZS1tZCUyMHZjX2J0bjMtc2hhcGUtc3F1YXJlJTIwdmNfYnRuMy1zdHlsZS1jbGFzc2ljJTIwdmNfYnRuMy1jb2xvci1vbS1hY2NlbnQtY29sb3ItMSUyMiUzRSUzQ3NwYW4lMjBjbGFzcyUzRCUyMnZjX2J0bjMtaW5uZXIlMjIlM0VDTElRVUUlMjBBUVVJJTNDJTJGc3BhbiUzRSUzQyUyRmElM0UlMEElM0MlMkZzcGFuJTNFJTNDJTJGdGQlM0UlMEElM0MlMkZ0ciUzRSUwQSUzQ3RyJTNFJTBBJTNDdGQlMjB3aWR0aCUzRCUyMjQyNSUyMiUzRSUzQ2ElMjBocmVmJTNEJTIyaHR0cHMlM0ElMkYlMkZtZXRyb2xvZ2lhMjAyMS5vcmcuYnIlMkYlM0ZwYWdlX2lkJTNEODYwJTIyJTNFJTNDc3Ryb25nJTNFQ0lNTUVDJTNDJTJGc3Ryb25nJTNFJTNDJTJGYSUzRSVDMiVBMCVFMiU4MCU5MyUyMFZJJUMyJUEwQ29uZ3Jlc3NvJTIwSW50ZXJuYWNpb25hbCUyMGRlJTIwTWV0cm9sb2dpYSUyME1lYyVDMyVBMm5pY2ElM0IlM0MlMkZ0ZCUzRSUwQSUzQ3RkJTIwd2lkdGglM0QlMjIxNDElMjIlM0UlM0NzcGFuJTIwY2xhc3MlM0QlMjJ2Y19idG4zLWNvbnRhaW5lciUyMHZjX2J0bjMtaW5saW5lJTIyJTNFJTBBJTNDYSUyMGhyZWYlM0QlMjJodHRwcyUzQSUyRiUyRmRvaXR5LmNvbS5iciUyRmNpbW1lYyUyRmluZm9ybWFjb2VzJTIyJTIwdGl0bGUlM0QlMjIlMjIlMjBjbGFzcyUzRCUyMnZjX2dlbmVyYWwlMjB2Y19idG4zJTIwdmNfYnRuMy1zaXplLW1kJTIwdmNfYnRuMy1zaGFwZS1zcXVhcmUlMjB2Y19idG4zLXN0eWxlLWNsYXNzaWMlMjB2Y19idG4zLWNvbG9yLW9tLWFjY2VudC1jb2xvci0xJTIyJTNFJTNDc3BhbiUyMGNsYXNzJTNEJTIydmNfYnRuMy1pbm5lciUyMiUzRUNMSVFVRSUyMEFRVUklM0MlMkZzcGFuJTNFJTNDJTJGdGQlM0UlMEElM0MlMkZ0ciUzRSUwQSUzQ3RyJTNFJTBBJTNDdGQlMjB3aWR0aCUzRCUyMjQyNSUyMiUzRSUzQ2ElMjBocmVmJTNEJTIyaHR0cHMlM0ElMkYlMkZtZXRyb2xvZ2lhMjAyMS5vcmcuYnIlMkYlM0ZwYWdlX2lkJTNEODY2JTIyJTNFJTNDc3Ryb25nJTNFQ0JNUkklM0MlMkZzdHJvbmclM0UlM0MlMkZhJTNFJUUyJTgwJTkzJTIwVklJSSUyMCVFMiU4MCU5MyUyMENvbmdyZXNzbyUyMEJyYXNpbGVpcm8lMjBkZSUyME1ldHJvbG9naWElMjBkYXMlMjBSYWRpYSVDMyVBNyVDMyVCNWVzJTIwSW9uaXphbnRlcyUyMCUzQiUzQyUyRnRkJTNFJTBBJTNDdGQlMjB3aWR0aCUzRCUyMjE0MSUyMiUzRSUzQ3NwYW4lMjBjbGFzcyUzRCUyMnZjX2J0bjMtY29udGFpbmVyJTIwdmNfYnRuMy1pbmxpbmUlMjIlM0UlMEElM0NhJTIwaHJlZiUzRCUyMmh0dHBzJTNBJTJGJTJGZG9pdHkuY29tLmJyJTJGY2JtcmklMkZpbmZvcm1hY29lcyUyMiUyMHRpdGxlJTNEJTIyJTIyJTIwY2xhc3MlM0QlMjJ2Y19nZW5lcmFsJTIwdmNfYnRuMyUyMHZjX2J0bjMtc2l6ZS1tZCUyMHZjX2J0bjMtc2hhcGUtc3F1YXJlJTIwdmNfYnRuMy1zdHlsZS1jbGFzc2ljJTIwdmNfYnRuMy1jb2xvci1vbS1hY2NlbnQtY29sb3ItMSUyMiUzRSUzQ3NwYW4lMjBjbGFzcyUzRCUyMnZjX2J0bjMtaW5uZXIlMjIlM0VDTElRVUUlMjBBUVVJJTNDJTJGc3BhbiUzRSUzQyUyRnRkJTNFJTBBJTNDJTJGdHIlM0UlMEElM0N0ciUzRSUwQSUzQ3RkJTIwd2lkdGglM0QlMjI0MjUlMjIlM0UlM0NhJTIwaHJlZiUzRCUyMmh0dHBzJTNBJTJGJTJGbWV0cm9sb2dpYTIwMjEub3JnLmJyJTJGJTNGcGFnZV9pZCUzRDg2OCUyMiUzRSUzQ3N0cm9uZyUzRUNCTU8lM0MlMkZzdHJvbmclM0UlM0MlMkZhJTNFJUMyJUEwJUUyJTgwJTkzJTIwSVYlMjBDb25ncmVzc28lMjBCcmFzaWxlaXJvJTIwZGUlMjBNZXRyb2xvZ2lhJTIwJUMzJTkzcHRpY2ElMjAuJTNDJTJGdGQlM0UlMEElM0N0ZCUyMHdpZHRoJTNEJTIyMTQxJTIyJTNFJTNDc3BhbiUyMGNsYXNzJTNEJTIydmNfYnRuMy1jb250YWluZXIlMjB2Y19idG4zLWlubGluZSUyMiUzRSUwQSUzQ2ElMjBocmVmJTNEJTIyaHR0cHMlM0ElMkYlMkZkb2l0eS5jb20uYnIlMkZjYm1vJTJGaW5mb3JtYWNvZXMlMjIlMjB0aXRsZSUzRCUyMiUyMiUyMGNsYXNzJTNEJTIydmNfZ2VuZXJhbCUyMHZjX2J0bjMlMjB2Y19idG4zLXNpemUtbWQlMjB2Y19idG4zLXNoYXBlLXNxdWFyZSUyMHZjX2J0bjMtc3R5bGUtY2xhc3NpYyUyMHZjX2J0bjMtY29sb3Itb20tYWNjZW50LWNvbG9yLTElMjIlM0UlM0NzcGFuJTIwY2xhc3MlM0QlMjJ2Y19idG4zLWlubmVyJTIyJTNFQ0xJUVVFJTIwQVFVSSUzQyUyRnNwYW4lM0UlM0MlMkZ0ZCUzRSUwQSUzQyUyRnRyJTNFJTBBJTNDJTJGdGJvZHklM0UlMEElM0MlMkZ0YWJsZSUzRQ==[\/om_html_table][vc_message add_shadow=&#8221;yes&#8221; message_box_color=&#8221;warning&#8221;]Para submeter o trabalho dentro do sistema de submiss\u00e3o, basta voc\u00ea preencher o formul\u00e1rio com as informa\u00e7\u00f5es solicitadas e anexar o arquivo em<strong>\u00a0<\/strong><strong>PDF (n\u00e3o protegido)<\/strong>\u00a0do seu artigo.[\/vc_message][vc_column_text]Em caso de d\u00favidas, acesse o manual do participante.[\/vc_column_text][vc_btn title=&#8221;MANUAL DO PARTICIPANTE&#8221; color=&#8221;om-accent-color-3&#8243; link=&#8221;url:https%3A%2F%2Fmetrologia2021.org.br%2Fwp-content%2Fuploads%2F2021%2F01%2FManual-do-Participante.pdf||target:%20_blank|&#8221;][vc_text_separator title=&#8221;IMPORTANTE&#8221; color=&#8221;om-accent-color-3&#8243; add_icon=&#8221;true&#8221;][vc_column_text]<\/p>\n<ul>\n<li>Para que seu trabalho seja avaliado no evento, \u00e9 necess\u00e1rio que voc\u00ea realize a inscri\u00e7\u00e3o no evento. A inscri\u00e7\u00e3o no evento deve ser realizada clicando<\/li>\n<li>O sistema de inscri\u00e7\u00e3o no evento \u00e9 diferente do sistema de submiss\u00e3o de trabalhos.<\/li>\n<li>Voc\u00ea pode esperar a aprova\u00e7\u00e3o do seu trabalho para realizar o pagamento da inscri\u00e7\u00e3o!!<\/li>\n<li>Caso mais de um autor queira assistir ao congresso e participar da apresenta\u00e7\u00e3o do seu trabalho, dever\u00e1 realizar a inscri\u00e7\u00e3o no evento.<\/li>\n<li>Os participantes que desejarem apresentar trabalho dever\u00e3o submeter artigo(s) conforme as orienta\u00e7\u00f5es de formata\u00e7\u00e3o do modelo abaixo.<span lang=\"pt-BR\"> Os artigos devem ser preferencialmente escritos em ingl\u00eas. Se seu artigo for escrito em Portugu\u00eas ou Espanhol, voc\u00ea deve fornecer uma vers\u00e3o do t\u00edtulo e do resumo em ingl\u00eas.\u00a0 <\/span><\/li>\n<\/ul>\n<p>[\/vc_column_text][vc_message color=&#8221;success&#8221; add_shadow=&#8221;yes&#8221; message_box_color=&#8221;success&#8221; icon_fontawesome=&#8221;fa fa-check&#8221;]<span lang=\"pt-BR\"><b>Artigos poder\u00e3o ser selecionados pelo Comit\u00ea Cient\u00edfico para publica\u00e7\u00e3o no Journal of Physics: Conference Series. Neste caso, dever\u00e3o ser submetidos em ingl\u00eas. A publica\u00e7\u00e3o no JPCS implicar\u00e1 num custo de US$60,00 por artigo (a ser pago pelo(s) autor(es))<\/b>.<\/span>[\/vc_message][\/vc_column][\/vc_row][vc_row][vc_column][vc_empty_space height=&#8221;15px&#8221;][vc_text_separator title=&#8221;REGRAS DE FORMATA\u00c7\u00c3O&#8221; color=&#8221;om-accent-color-3&#8243; add_icon=&#8221;true&#8221;][\/vc_column][\/vc_row][vc_row][vc_column][vc_column_text]Os participantes que desejarem apresentar trabalho dever\u00e3o submeter artigo(s) conforme as orienta\u00e7\u00f5es de formata\u00e7\u00e3o do modelo.[\/vc_column_text][vc_btn title=&#8221;MODELO DE ARTIGO&#8221; color=&#8221;om-accent-color-3&#8243; link=&#8221;url:https%3A%2F%2Fmetrologia2021.org.br%2Fwp-content%2Fuploads%2F2021%2F06%2FMetrologia2021-_-modelo.docx||target:%20_blank|&#8221;][\/vc_column][\/vc_row][vc_row][vc_column][vc_text_separator title=&#8221;AVALIA\u00c7\u00c3O DOS ARTIGOS&#8221; color=&#8221;om-accent-color-3&#8243; add_icon=&#8221;true&#8221;][vc_column_text]Os trabalhos apresentados ser\u00e3o organizados de acordo com os temas do evento.<\/p>\n<p>Os artigos ser\u00e3o submetidos a avalia\u00e7\u00e3o do Comit\u00ea Cient\u00edfico do evento e ser\u00e3o analisados de acordo com os seguintes crit\u00e9rios:<\/p>\n<ol>\n<li>Originalidade<\/li>\n<li>Interesse cient\u00edfico<\/li>\n<li>Metodologia<\/li>\n<li>Relev\u00e2ncia dos resultados<\/li>\n<li>Qualidade de reda\u00e7\u00e3o<\/li>\n<\/ol>\n<p>[\/vc_column_text][vc_empty_space height=&#8221;15px&#8221;][\/vc_column][\/vc_row][vc_row][vc_column][vc_empty_space height=&#8221;15px&#8221;][\/vc_column][\/vc_row]<\/p>\n","protected":false},"excerpt":{"rendered":"<p>[vc_row][vc_column][vc_text_separator title=&#8221;REGRAS PARA ENVIO DOS V\u00cdDEOS (S\u00edncrona e Ass\u00edncrona)&#8221; color=&#8221;om-accent-color-3&#8243; add_icon=&#8221;true&#8221;][vc_message color=&#8221;success&#8221; add_shadow=&#8221;yes&#8221; message_box_color=&#8221;success&#8221; icon_fontawesome=&#8221;fa fa-check&#8221;]CONFIRA A CATEGORIA DE SEU ARTIGO NO MENU &gt; PROGRAMA\u00a0[\/vc_message][vc_column_text]Os&hellip;<\/p>\n<p><a href=\"https:\/\/metrologia2021.org.br\/?page_id=596\" class=\"read-more-link\"><span class=\"read-more-icon\"><\/span>Leia mais<\/a><\/p>\n","protected":false},"author":1,"featured_media":0,"parent":0,"menu_order":0,"comment_status":"closed","ping_status":"closed","template":"","meta":[],"_links":{"self":[{"href":"https:\/\/metrologia2021.org.br\/index.php?rest_route=\/wp\/v2\/pages\/596"}],"collection":[{"href":"https:\/\/metrologia2021.org.br\/index.php?rest_route=\/wp\/v2\/pages"}],"about":[{"href":"https:\/\/metrologia2021.org.br\/index.php?rest_route=\/wp\/v2\/types\/page"}],"author":[{"embeddable":true,"href":"https:\/\/metrologia2021.org.br\/index.php?rest_route=\/wp\/v2\/users\/1"}],"replies":[{"embeddable":true,"href":"https:\/\/metrologia2021.org.br\/index.php?rest_route=%2Fwp%2Fv2%2Fcomments&post=596"}],"version-history":[{"count":82,"href":"https:\/\/metrologia2021.org.br\/index.php?rest_route=\/wp\/v2\/pages\/596\/revisions"}],"predecessor-version":[{"id":2047,"href":"https:\/\/metrologia2021.org.br\/index.php?rest_route=\/wp\/v2\/pages\/596\/revisions\/2047"}],"wp:attachment":[{"href":"https:\/\/metrologia2021.org.br\/index.php?rest_route=%2Fwp%2Fv2%2Fmedia&parent=596"}],"curies":[{"name":"wp","href":"https:\/\/api.w.org\/{rel}","templated":true}]}}