{"id":661,"date":"2021-01-12T16:44:50","date_gmt":"2021-01-12T19:44:50","guid":{"rendered":"https:\/\/metrologia2021.org.br\/?page_id=661"},"modified":"2021-10-07T09:27:08","modified_gmt":"2021-10-07T12:27:08","slug":"inscricao","status":"publish","type":"page","link":"https:\/\/metrologia2021.org.br\/?page_id=661","title":{"rendered":"INSCRI\u00c7\u00c3O"},"content":{"rendered":"<p>[vc_row][vc_column][vc_column_text]<\/p>\n<h4>Sobre a Inscri\u00e7\u00e3o:<\/h4>\n<p>Confira as categorias e valores.[\/vc_column_text][om_html_table style=&#8221;striped&#8221;]JTNDdGFibGUlMjB3aWR0aCUzRCUyMjIzNiUyMiUzRSUwQSUzQ3Rib2R5JTNFJTBBJTNDdHIlM0UlMEElM0N0ZCUyMHdpZHRoJTNEJTIyNzAlMjIlM0UlM0NzdHJvbmclM0VDQVRFR09SSUElM0MlMkZzdHJvbmclM0UlM0MlMkZ0ZCUzRSUwQSUwQSUzQ3RkJTIwd2lkdGglM0QlMjIxNTAlMjIlM0UlMEElMjAlMjAlMEElMjAlMjAlM0NzdHJvbmclMjBzdHlsZSUzRCUyMmNvbG9yJTNBJTIwJTIzZTk1MDRhJTNCJTIyJTNFRGVwb2lzJTIwMDElMkYxMCUyRjIwMjElM0MlMkZzdHJvbmclM0UlM0MlMkZ0ZCUzRSUwQSUzQyUyRnRyJTNFJTBBJTNDdHIlM0UlMEElM0N0ZCUyMHdpZHRoJTNEJTIyNzAlMjIlM0UlM0NzdHJvbmclM0VOJUMzJTgzTyUyMFMlQzMlOTNDSU8lM0MlMkZzdHJvbmclM0UlM0MlMkZ0ZCUzRSUwQSUwQSUzQ3RkJTIwd2lkdGglM0QlMjIxNTAlMjIlM0VSJTI0JTIwNjgwJTJDMDAlM0MlMkZ0ZCUzRSUwQSUzQyUyRnRyJTNFJTBBJTNDdHIlM0UlMEElM0N0ZCUyMHdpZHRoJTNEJTIyNzAlMjIlM0UlM0NzdHJvbmclM0VTJUMzJTkzQ0lPJTNDJTJGc3Ryb25nJTNFJTNDJTJGdGQlM0UlMEElMEElM0N0ZCUyMHdpZHRoJTNEJTIyMTUwJTIyJTNFUiUyNCUyMDU1MCUyQzAwJTNDJTJGdGQlM0UlMEElM0MlMkZ0ciUzRSUwQSUzQ3RyJTNFJTBBJTNDdGQlMjB3aWR0aCUzRCUyMjcwJTIyJTNFJTNDc3Ryb25nJTNFRVNUVURBTlRFUyUzQyUyRnN0cm9uZyUzRSUzQyUyRnRkJTNFJTBBJTNDdGQlMjB3aWR0aCUzRCUyMjE1MCUyMiUzRVIlMjQlMjAyNTAlMkMwMCUzQyUyRnRkJTNFJTBBJTNDJTJGdHIlM0UlMEElM0MlMkZ0Ym9keSUzRSUwQSUzQyUyRnRhYmxlJTNF[\/om_html_table][vc_column_text css_animation=&#8221;fadeIn&#8221;]<\/p>\n<p style=\"text-align: center;\"><a class=\"header-extra-button button-a-bg background-color-accent-1 color-accent-1\" href=\"https:\/\/metrologia2021.org.br\/?page_id=903\"><span class=\"button-a-bg-inner\">FA\u00c7A SUA INSCRI\u00c7\u00c3O AQUI<\/span><\/a><\/p>\n<p>[\/vc_column_text][vc_separator][vc_empty_space][vc_column_text]<strong style=\"color: #005ba7;\">Estudantes:<\/strong> Estudantes de todos os n\u00edveis, poder\u00e3o obter o desconto. O estudante dever\u00e1 submeter durante a inscri\u00e7\u00e3o um arquivo escaneado da declara\u00e7\u00e3o de regularmente matriculado, devidamente assinada pela Institui\u00e7\u00e3o de ensino.<\/p>\n<p>&nbsp;<\/p>\n<p><strong style=\"color: #005ba7;\">Pol\u00edtica de Reembolso:<\/strong> Para cancelamento, envie uma notifica\u00e7\u00e3o por e-mail. Uma taxa administrativa de 60% ser\u00e1 cobrada para cancelamentos realizados antes de 30 de setembro de 2021. Nenhum reembolso ser\u00e1 feito ap\u00f3s esta data. Substitui\u00e7\u00f5es ser\u00e3o aceitas em qualquer data.[\/vc_column_text][\/vc_column][\/vc_row][vc_row][vc_column][\/vc_column][\/vc_row][vc_row][vc_column][\/vc_column][\/vc_row]<\/p>\n","protected":false},"excerpt":{"rendered":"<p>[vc_row][vc_column][vc_column_text] Sobre a Inscri\u00e7\u00e3o: Confira as categorias e valores.[\/vc_column_text][om_html_table style=&#8221;striped&#8221;]JTNDdGFibGUlMjB3aWR0aCUzRCUyMjIzNiUyMiUzRSUwQSUzQ3Rib2R5JTNFJTBBJTNDdHIlM0UlMEElM0N0ZCUyMHdpZHRoJTNEJTIyNzAlMjIlM0UlM0NzdHJvbmclM0VDQVRFR09SSUElM0MlMkZzdHJvbmclM0UlM0MlMkZ0ZCUzRSUwQSUwQSUzQ3RkJTIwd2lkdGglM0QlMjIxNTAlMjIlM0UlMEElMjAlMjAlMEElMjAlMjAlM0NzdHJvbmclMjBzdHlsZSUzRCUyMmNvbG9yJTNBJTIwJTIzZTk1MDRhJTNCJTIyJTNFRGVwb2lzJTIwMDElMkYxMCUyRjIwMjElM0MlMkZzdHJvbmclM0UlM0MlMkZ0ZCUzRSUwQSUzQyUyRnRyJTNFJTBBJTNDdHIlM0UlMEElM0N0ZCUyMHdpZHRoJTNEJTIyNzAlMjIlM0UlM0NzdHJvbmclM0VOJUMzJTgzTyUyMFMlQzMlOTNDSU8lM0MlMkZzdHJvbmclM0UlM0MlMkZ0ZCUzRSUwQSUwQSUzQ3RkJTIwd2lkdGglM0QlMjIxNTAlMjIlM0VSJTI0JTIwNjgwJTJDMDAlM0MlMkZ0ZCUzRSUwQSUzQyUyRnRyJTNFJTBBJTNDdHIlM0UlMEElM0N0ZCUyMHdpZHRoJTNEJTIyNzAlMjIlM0UlM0NzdHJvbmclM0VTJUMzJTkzQ0lPJTNDJTJGc3Ryb25nJTNFJTNDJTJGdGQlM0UlMEElMEElM0N0ZCUyMHdpZHRoJTNEJTIyMTUwJTIyJTNFUiUyNCUyMDU1MCUyQzAwJTNDJTJGdGQlM0UlMEElM0MlMkZ0ciUzRSUwQSUzQ3RyJTNFJTBBJTNDdGQlMjB3aWR0aCUzRCUyMjcwJTIyJTNFJTNDc3Ryb25nJTNFRVNUVURBTlRFUyUzQyUyRnN0cm9uZyUzRSUzQyUyRnRkJTNFJTBBJTNDdGQlMjB3aWR0aCUzRCUyMjE1MCUyMiUzRVIlMjQlMjAyNTAlMkMwMCUzQyUyRnRkJTNFJTBBJTNDJTJGdHIlM0UlMEElM0MlMkZ0Ym9keSUzRSUwQSUzQyUyRnRhYmxlJTNF[\/om_html_table][vc_column_text css_animation=&#8221;fadeIn&#8221;] FA\u00c7A SUA INSCRI\u00c7\u00c3O AQUI [\/vc_column_text][vc_separator][vc_empty_space][vc_column_text]Estudantes: Estudantes de todos os n\u00edveis, poder\u00e3o obter o desconto.&hellip;<\/p>\n<p><a href=\"https:\/\/metrologia2021.org.br\/?page_id=661\" class=\"read-more-link\"><span class=\"read-more-icon\"><\/span>Leia mais<\/a><\/p>\n","protected":false},"author":1,"featured_media":0,"parent":0,"menu_order":0,"comment_status":"closed","ping_status":"closed","template":"","meta":[],"_links":{"self":[{"href":"https:\/\/metrologia2021.org.br\/index.php?rest_route=\/wp\/v2\/pages\/661"}],"collection":[{"href":"https:\/\/metrologia2021.org.br\/index.php?rest_route=\/wp\/v2\/pages"}],"about":[{"href":"https:\/\/metrologia2021.org.br\/index.php?rest_route=\/wp\/v2\/types\/page"}],"author":[{"embeddable":true,"href":"https:\/\/metrologia2021.org.br\/index.php?rest_route=\/wp\/v2\/users\/1"}],"replies":[{"embeddable":true,"href":"https:\/\/metrologia2021.org.br\/index.php?rest_route=%2Fwp%2Fv2%2Fcomments&post=661"}],"version-history":[{"count":50,"href":"https:\/\/metrologia2021.org.br\/index.php?rest_route=\/wp\/v2\/pages\/661\/revisions"}],"predecessor-version":[{"id":1531,"href":"https:\/\/metrologia2021.org.br\/index.php?rest_route=\/wp\/v2\/pages\/661\/revisions\/1531"}],"wp:attachment":[{"href":"https:\/\/metrologia2021.org.br\/index.php?rest_route=%2Fwp%2Fv2%2Fmedia&parent=661"}],"curies":[{"name":"wp","href":"https:\/\/api.w.org\/{rel}","templated":true}]}}