{"id":714,"date":"2021-01-13T10:05:26","date_gmt":"2021-01-13T13:05:26","guid":{"rendered":"https:\/\/metrologia2021.org.br\/?page_id=714"},"modified":"2021-01-20T14:42:07","modified_gmt":"2021-01-20T17:42:07","slug":"objetivo","status":"publish","type":"page","link":"https:\/\/metrologia2021.org.br\/?page_id=714","title":{"rendered":"OBJETIVO"},"content":{"rendered":"<p>[vc_row][vc_column][vc_column_text]O Metrologia 2021 tem como objetivo geral colaborar para o desenvolvimento da Metrologia, por meio da apresenta\u00e7\u00e3o de trabalhos t\u00e9cnicos, apresenta\u00e7\u00e3o de palestras de cientistas convidados com contribui\u00e7\u00f5es significantes e atuais na \u00e1rea, troca de experi\u00eancias e interc\u00e2mbio t\u00e9cnico e cient\u00edfico entre profissionais e institui\u00e7\u00f5es, do pa\u00eds e do exterior.<\/p>\n<p>&nbsp;<\/p>\n<h4>S\u00e3o objetivos espec\u00edficos:<\/h4>\n<ul>\n<li>Aprofundar a integra\u00e7\u00e3o entre metrologia e avalia\u00e7\u00e3o da conformidade;<\/li>\n<li>Discutir os recentes avan\u00e7os na metrologia em geral e na qualidade;<\/li>\n<li>Apresentar e discutir as implica\u00e7\u00f5es da metrologia e da qualidade na economia, na ind\u00fastria, no meio ambiente, na sa\u00fade, dentro do \u00e2mbito nacional e internacional, tendo em vista as grandes quest\u00f5es geradas pela globaliza\u00e7\u00e3o, especialmente as relacionadas com as barreiras comerciais;<\/li>\n<li>Apresentar e discutir novas t\u00e9cnicas de medi\u00e7\u00e3o e calibra\u00e7\u00e3o, desenvolvidas e em desenvolvimento na ind\u00fastria;<\/li>\n<li>Discutir a infraestrutura de metrologia e qualidade para apoio ao desenvolvimento de pa\u00edses e regi\u00f5es, e garantia de confian\u00e7a nas medi\u00e7\u00f5es e na qualidade de produtos para os cidad\u00e3os.<\/li>\n<\/ul>\n<p>[\/vc_column_text][\/vc_column][\/vc_row][vc_row][vc_column][vc_empty_space height=&#8221;15px&#8221;][vc_empty_space height=&#8221;15px&#8221;][\/vc_column][\/vc_row]<\/p>\n","protected":false},"excerpt":{"rendered":"<p>[vc_row][vc_column][vc_column_text]O Metrologia 2021 tem como objetivo geral colaborar para o desenvolvimento da Metrologia, por meio da apresenta\u00e7\u00e3o de trabalhos t\u00e9cnicos, apresenta\u00e7\u00e3o de palestras de cientistas&hellip;<\/p>\n<p><a href=\"https:\/\/metrologia2021.org.br\/?page_id=714\" class=\"read-more-link\"><span class=\"read-more-icon\"><\/span>Leia mais<\/a><\/p>\n","protected":false},"author":1,"featured_media":0,"parent":0,"menu_order":0,"comment_status":"closed","ping_status":"closed","template":"","meta":[],"_links":{"self":[{"href":"https:\/\/metrologia2021.org.br\/index.php?rest_route=\/wp\/v2\/pages\/714"}],"collection":[{"href":"https:\/\/metrologia2021.org.br\/index.php?rest_route=\/wp\/v2\/pages"}],"about":[{"href":"https:\/\/metrologia2021.org.br\/index.php?rest_route=\/wp\/v2\/types\/page"}],"author":[{"embeddable":true,"href":"https:\/\/metrologia2021.org.br\/index.php?rest_route=\/wp\/v2\/users\/1"}],"replies":[{"embeddable":true,"href":"https:\/\/metrologia2021.org.br\/index.php?rest_route=%2Fwp%2Fv2%2Fcomments&post=714"}],"version-history":[{"count":6,"href":"https:\/\/metrologia2021.org.br\/index.php?rest_route=\/wp\/v2\/pages\/714\/revisions"}],"predecessor-version":[{"id":870,"href":"https:\/\/metrologia2021.org.br\/index.php?rest_route=\/wp\/v2\/pages\/714\/revisions\/870"}],"wp:attachment":[{"href":"https:\/\/metrologia2021.org.br\/index.php?rest_route=%2Fwp%2Fv2%2Fmedia&parent=714"}],"curies":[{"name":"wp","href":"https:\/\/api.w.org\/{rel}","templated":true}]}}