{"id":771,"date":"2021-01-13T14:28:30","date_gmt":"2021-01-13T17:28:30","guid":{"rendered":"https:\/\/metrologia2021.org.br\/?page_id=771"},"modified":"2021-08-18T11:38:04","modified_gmt":"2021-08-18T14:38:04","slug":"semetro","status":"publish","type":"page","link":"https:\/\/metrologia2021.org.br\/?page_id=771","title":{"rendered":"SEMETRO"},"content":{"rendered":"<p>[vc_row][vc_column][vc_btn title=&#8221;VOLTAR&#8221; align=&#8221;right&#8221; link=&#8221;url:javascript%3Ahistory.back()|||&#8221;][vc_row_inner][vc_column_inner][vc_column_text]<img loading=\"lazy\" class=\"lazyload alignnone wp-image-721 aligncenter\" src=\"data:image\/gif;base64,R0lGODlhAQABAAAAACH5BAEKAAEALAAAAAABAAEAAAICTAEAOw==\" data-src=\"https:\/\/metrologia2021.org.br\/wp-content\/uploads\/2021\/01\/XIV-Semetro-scaled.jpg\" alt=\"\" width=\"444\" height=\"228\" data-srcset=\"https:\/\/metrologia2021.org.br\/wp-content\/uploads\/2021\/01\/XIV-Semetro-scaled.jpg 2560w, https:\/\/metrologia2021.org.br\/wp-content\/uploads\/2021\/01\/XIV-Semetro-300x154.jpg 300w, https:\/\/metrologia2021.org.br\/wp-content\/uploads\/2021\/01\/XIV-Semetro-1024x526.jpg 1024w, https:\/\/metrologia2021.org.br\/wp-content\/uploads\/2021\/01\/XIV-Semetro-768x394.jpg 768w, https:\/\/metrologia2021.org.br\/wp-content\/uploads\/2021\/01\/XIV-Semetro-1536x789.jpg 1536w, https:\/\/metrologia2021.org.br\/wp-content\/uploads\/2021\/01\/XIV-Semetro-2048x1052.jpg 2048w\" data-sizes=\"(max-width: 444px) 100vw, 444px\" \/>[\/vc_column_text][\/vc_column_inner][\/vc_row_inner][vc_column_text]<\/p>\n<ul>\n<li>Automa\u00e7\u00e3o, valida\u00e7\u00e3o e produtividade em metrologia el\u00e9trica;<\/li>\n<li>Metrologia qu\u00e2ntica e constantes fundamentais;<\/li>\n<li>Sistemas de medi\u00e7\u00e3o e calibra\u00e7\u00e3o remotas e virtuais;<\/li>\n<li>Novas tecnologias utilizadas na metrologia el\u00e9trica;<\/li>\n<li>Rastreabilidade e compara\u00e7\u00f5es interlaboratoriais das grandezas el\u00e9tricas;<\/li>\n<li>Metrologia el\u00e9trica nas \u00e1reas de sa\u00fade, meio ambiente e telecomunica\u00e7\u00f5es;<\/li>\n<li>Medi\u00e7\u00f5es de tempo e frequ\u00eancia;<\/li>\n<li>Smart Grid.<\/li>\n<\/ul>\n<p><strong>Instrumenta\u00e7\u00e3o:<\/strong><\/p>\n<ul>\n<li>Medi\u00e7\u00e3o de grandezas el\u00e9tricas;<\/li>\n<li>Medi\u00e7\u00e3o de grandezas n\u00e3o el\u00e9tricas relacionadas com a metrologia el\u00e9trica;<\/li>\n<li>Educa\u00e7\u00e3o em medi\u00e7\u00e3o e instrumenta\u00e7\u00e3o el\u00e9trica;<\/li>\n<li>Processamento anal\u00f3gico e misto de sinais para medi\u00e7\u00e3o;<\/li>\n<li>Aplica\u00e7\u00f5es de medi\u00e7\u00e3o;<\/li>\n<li>Sensores e transdutores;<\/li>\n<li>Conversores A\/D e D\/A;<\/li>\n<li>Medidas el\u00e9tricas aplicadas na \u00e1rea biom\u00e9dica.<\/li>\n<\/ul>\n<p>[\/vc_column_text][\/vc_column][\/vc_row][vc_row][vc_column][vc_btn title=&#8221;Comit\u00ea T\u00e9cnico &#8211; SEMETRO&#8221; uppercase=&#8221;yes&#8221; link=&#8221;url:https%3A%2F%2Fmetrologia2021.org.br%2F%3Fpage_id%3D1206|title:Comit%C3%AA%20T%C3%A9cnico%20%E2%80%93%20SEMETRO||&#8221;][\/vc_column][\/vc_row]<\/p>\n","protected":false},"excerpt":{"rendered":"<p>[vc_row][vc_column][vc_btn title=&#8221;VOLTAR&#8221; align=&#8221;right&#8221; link=&#8221;url:javascript%3Ahistory.back()|||&#8221;][vc_row_inner][vc_column_inner][vc_column_text][\/vc_column_text][\/vc_column_inner][\/vc_row_inner][vc_column_text] Automa\u00e7\u00e3o, valida\u00e7\u00e3o e produtividade em metrologia el\u00e9trica; Metrologia qu\u00e2ntica e constantes fundamentais; Sistemas de medi\u00e7\u00e3o e calibra\u00e7\u00e3o remotas e virtuais; Novas&hellip;<\/p>\n<p><a href=\"https:\/\/metrologia2021.org.br\/?page_id=771\" class=\"read-more-link\"><span class=\"read-more-icon\"><\/span>Leia mais<\/a><\/p>\n","protected":false},"author":1,"featured_media":0,"parent":0,"menu_order":0,"comment_status":"closed","ping_status":"closed","template":"","meta":[],"_links":{"self":[{"href":"https:\/\/metrologia2021.org.br\/index.php?rest_route=\/wp\/v2\/pages\/771"}],"collection":[{"href":"https:\/\/metrologia2021.org.br\/index.php?rest_route=\/wp\/v2\/pages"}],"about":[{"href":"https:\/\/metrologia2021.org.br\/index.php?rest_route=\/wp\/v2\/types\/page"}],"author":[{"embeddable":true,"href":"https:\/\/metrologia2021.org.br\/index.php?rest_route=\/wp\/v2\/users\/1"}],"replies":[{"embeddable":true,"href":"https:\/\/metrologia2021.org.br\/index.php?rest_route=%2Fwp%2Fv2%2Fcomments&post=771"}],"version-history":[{"count":9,"href":"https:\/\/metrologia2021.org.br\/index.php?rest_route=\/wp\/v2\/pages\/771\/revisions"}],"predecessor-version":[{"id":1219,"href":"https:\/\/metrologia2021.org.br\/index.php?rest_route=\/wp\/v2\/pages\/771\/revisions\/1219"}],"wp:attachment":[{"href":"https:\/\/metrologia2021.org.br\/index.php?rest_route=%2Fwp%2Fv2%2Fmedia&parent=771"}],"curies":[{"name":"wp","href":"https:\/\/api.w.org\/{rel}","templated":true}]}}