{"id":860,"date":"2021-01-20T14:17:00","date_gmt":"2021-01-20T17:17:00","guid":{"rendered":"https:\/\/metrologia2021.org.br\/?page_id=860"},"modified":"2021-08-18T11:36:57","modified_gmt":"2021-08-18T14:36:57","slug":"cimmec","status":"publish","type":"page","link":"https:\/\/metrologia2021.org.br\/?page_id=860","title":{"rendered":"CIMMEC"},"content":{"rendered":"<p>[vc_row][vc_column][vc_btn title=&#8221;VOLTAR&#8221; align=&#8221;right&#8221; link=&#8221;url:javascript%3Ahistory.back()|||&#8221;][vc_column_text]<\/p>\n<p style=\"text-align: center;\"><strong><img loading=\"lazy\" class=\"lazyload alignnone size-medium wp-image-736\" src=\"data:image\/gif;base64,R0lGODlhAQABAAAAACH5BAEKAAEALAAAAAABAAEAAAICTAEAOw==\" data-src=\"https:\/\/metrologia2021.org.br\/wp-content\/uploads\/2021\/01\/6-Cimmec-300x173.jpg\" alt=\"\" width=\"300\" height=\"173\" data-srcset=\"https:\/\/metrologia2021.org.br\/wp-content\/uploads\/2021\/01\/6-Cimmec-300x173.jpg 300w, https:\/\/metrologia2021.org.br\/wp-content\/uploads\/2021\/01\/6-Cimmec-1024x591.jpg 1024w, https:\/\/metrologia2021.org.br\/wp-content\/uploads\/2021\/01\/6-Cimmec-768x443.jpg 768w, https:\/\/metrologia2021.org.br\/wp-content\/uploads\/2021\/01\/6-Cimmec-1536x886.jpg 1536w, https:\/\/metrologia2021.org.br\/wp-content\/uploads\/2021\/01\/6-Cimmec-2048x1182.jpg 2048w\" data-sizes=\"(max-width: 300px) 100vw, 300px\" \/><\/strong><\/p>\n<p>&nbsp;<\/p>\n<p style=\"text-align: left;\"><strong>As \u00e1reas metrol\u00f3gicas consideradas como fazendo parte do escopo do VI CIMMEC s\u00e3o as seguintes:<\/strong><\/p>\n<ul>\n<li>Comprimento, \u00c2ngulo, Rugosidade, Medi\u00e7\u00e3o por Coordenadas (Metrologia Dimensional, Grandezas Geom\u00e9tricas);<\/li>\n<li>For\u00e7a, Torque, Dureza e Impacto \u201cCharpy\u201d;<\/li>\n<li>Massa e Press\u00e3o (V\u00e1cuo);<\/li>\n<li>Viscosidade, Massa Espec\u00edfica, Volume e Tens\u00e3o Superficial;<\/li>\n<li>Vaz\u00e3o e Velocidade de Fluidos;<\/li>\n<li>Ultra-som e Vibra\u00e7\u00f5es Mec\u00e2nicas.<\/li>\n<\/ul>\n<p><strong>Alguns temas voltados a estas \u00e1reas:<\/strong><\/p>\n<ul>\n<li>Geradores e\u00f3licos;<\/li>\n<li>Medi\u00e7\u00f5es din\u00e2micas;<\/li>\n<li>Nanometrologia;<\/li>\n<li>Desenvolvimento de tecnologias diversas, padr\u00f5es e metodologias de calibra\u00e7\u00e3o e ensaios;<\/li>\n<li>Desenvolvimento de materiais de refer\u00eancia;<\/li>\n<li>Automa\u00e7\u00e3o e rob\u00f3tica;<\/li>\n<li>Realiza\u00e7\u00e3o e reprodu\u00e7\u00e3o de unidades de medida do SI associadas a grandezas mec\u00e2nicas.<\/li>\n<\/ul>\n<p>[\/vc_column_text][\/vc_column][\/vc_row][vc_row][vc_column][vc_btn title=&#8221;Comit\u00ea T\u00e9cnico &#8211; CIMMEC&#8221; uppercase=&#8221;yes&#8221; link=&#8221;url:https%3A%2F%2Fmetrologia2021.org.br%2F%3Fpage_id%3D1209|title:Comit%C3%AA%20T%C3%A9cnico%20%E2%80%93%20CIMMEC||&#8221;][\/vc_column][\/vc_row]<\/p>\n","protected":false},"excerpt":{"rendered":"<p>[vc_row][vc_column][vc_btn title=&#8221;VOLTAR&#8221; align=&#8221;right&#8221; link=&#8221;url:javascript%3Ahistory.back()|||&#8221;][vc_column_text] &nbsp; As \u00e1reas metrol\u00f3gicas consideradas como fazendo parte do escopo do VI CIMMEC s\u00e3o as seguintes: Comprimento, \u00c2ngulo, Rugosidade, Medi\u00e7\u00e3o por&hellip;<\/p>\n<p><a href=\"https:\/\/metrologia2021.org.br\/?page_id=860\" class=\"read-more-link\"><span class=\"read-more-icon\"><\/span>Leia mais<\/a><\/p>\n","protected":false},"author":1,"featured_media":0,"parent":0,"menu_order":0,"comment_status":"closed","ping_status":"closed","template":"","meta":[],"_links":{"self":[{"href":"https:\/\/metrologia2021.org.br\/index.php?rest_route=\/wp\/v2\/pages\/860"}],"collection":[{"href":"https:\/\/metrologia2021.org.br\/index.php?rest_route=\/wp\/v2\/pages"}],"about":[{"href":"https:\/\/metrologia2021.org.br\/index.php?rest_route=\/wp\/v2\/types\/page"}],"author":[{"embeddable":true,"href":"https:\/\/metrologia2021.org.br\/index.php?rest_route=\/wp\/v2\/users\/1"}],"replies":[{"embeddable":true,"href":"https:\/\/metrologia2021.org.br\/index.php?rest_route=%2Fwp%2Fv2%2Fcomments&post=860"}],"version-history":[{"count":5,"href":"https:\/\/metrologia2021.org.br\/index.php?rest_route=\/wp\/v2\/pages\/860\/revisions"}],"predecessor-version":[{"id":1218,"href":"https:\/\/metrologia2021.org.br\/index.php?rest_route=\/wp\/v2\/pages\/860\/revisions\/1218"}],"wp:attachment":[{"href":"https:\/\/metrologia2021.org.br\/index.php?rest_route=%2Fwp%2Fv2%2Fmedia&parent=860"}],"curies":[{"name":"wp","href":"https:\/\/api.w.org\/{rel}","templated":true}]}}