{"id":866,"date":"2021-01-20T14:22:19","date_gmt":"2021-01-20T17:22:19","guid":{"rendered":"https:\/\/metrologia2021.org.br\/?page_id=866"},"modified":"2021-08-31T12:57:50","modified_gmt":"2021-08-31T15:57:50","slug":"cbmri","status":"publish","type":"page","link":"https:\/\/metrologia2021.org.br\/?page_id=866","title":{"rendered":"CBMRI"},"content":{"rendered":"<p>[vc_row][vc_column][vc_btn title=&#8221;VOLTAR&#8221; align=&#8221;right&#8221; link=&#8221;url:javascript%3Ahistory.back()|||&#8221;][vc_column_text]<img loading=\"lazy\" class=\"lazyload alignnone size-medium wp-image-840 aligncenter\" src=\"data:image\/gif;base64,R0lGODlhAQABAAAAACH5BAEKAAEALAAAAAABAAEAAAICTAEAOw==\" data-src=\"https:\/\/metrologia2021.org.br\/wp-content\/uploads\/2021\/01\/CBMRI_LOGO_2021-300x207.png\" alt=\"\" width=\"300\" height=\"207\" data-srcset=\"https:\/\/metrologia2021.org.br\/wp-content\/uploads\/2021\/01\/CBMRI_LOGO_2021-300x207.png 300w, https:\/\/metrologia2021.org.br\/wp-content\/uploads\/2021\/01\/CBMRI_LOGO_2021-768x529.png 768w, https:\/\/metrologia2021.org.br\/wp-content\/uploads\/2021\/01\/CBMRI_LOGO_2021.png 1024w\" data-sizes=\"(max-width: 300px) 100vw, 300px\" \/><\/p>\n<p>&nbsp;<\/p>\n<ul>\n<li>Metrologia em raios X, raios gama, el\u00e9trons e part\u00edculas carregadas;<\/li>\n<li>Metrologia de radionucl\u00eddeos;<\/li>\n<li>Metrologia de n\u00eautrons;<\/li>\n<li>Metrologia e instrumenta\u00e7\u00e3o em radia\u00e7\u00f5es ionizantes;<\/li>\n<li>Metrologia nas \u00e1reas de sa\u00fade, ind\u00fastria e prote\u00e7\u00e3o radiol\u00f3gica;<\/li>\n<\/ul>\n<p>[\/vc_column_text][\/vc_column][\/vc_row][vc_row][vc_column][vc_btn title=&#8221;Comit\u00ea T\u00e9cnico &#8211; CBMRI&#8221; link=&#8221;url:https%3A%2F%2Fmetrologia2021.org.br%2F%3Fpage_id%3D1212|title:Comit%C3%AA%20T%C3%A9cnico%20%E2%80%93%20CBMRI||&#8221;][\/vc_column][\/vc_row]<\/p>\n","protected":false},"excerpt":{"rendered":"<p>[vc_row][vc_column][vc_btn title=&#8221;VOLTAR&#8221; align=&#8221;right&#8221; link=&#8221;url:javascript%3Ahistory.back()|||&#8221;][vc_column_text] &nbsp; Metrologia em raios X, raios gama, el\u00e9trons e part\u00edculas carregadas; Metrologia de radionucl\u00eddeos; Metrologia de n\u00eautrons; Metrologia e instrumenta\u00e7\u00e3o em&hellip;<\/p>\n<p><a href=\"https:\/\/metrologia2021.org.br\/?page_id=866\" class=\"read-more-link\"><span class=\"read-more-icon\"><\/span>Leia mais<\/a><\/p>\n","protected":false},"author":1,"featured_media":0,"parent":0,"menu_order":0,"comment_status":"closed","ping_status":"closed","template":"","meta":[],"_links":{"self":[{"href":"https:\/\/metrologia2021.org.br\/index.php?rest_route=\/wp\/v2\/pages\/866"}],"collection":[{"href":"https:\/\/metrologia2021.org.br\/index.php?rest_route=\/wp\/v2\/pages"}],"about":[{"href":"https:\/\/metrologia2021.org.br\/index.php?rest_route=\/wp\/v2\/types\/page"}],"author":[{"embeddable":true,"href":"https:\/\/metrologia2021.org.br\/index.php?rest_route=\/wp\/v2\/users\/1"}],"replies":[{"embeddable":true,"href":"https:\/\/metrologia2021.org.br\/index.php?rest_route=%2Fwp%2Fv2%2Fcomments&post=866"}],"version-history":[{"count":4,"href":"https:\/\/metrologia2021.org.br\/index.php?rest_route=\/wp\/v2\/pages\/866\/revisions"}],"predecessor-version":[{"id":1236,"href":"https:\/\/metrologia2021.org.br\/index.php?rest_route=\/wp\/v2\/pages\/866\/revisions\/1236"}],"wp:attachment":[{"href":"https:\/\/metrologia2021.org.br\/index.php?rest_route=%2Fwp%2Fv2%2Fmedia&parent=866"}],"curies":[{"name":"wp","href":"https:\/\/api.w.org\/{rel}","templated":true}]}}