{"id":868,"date":"2021-01-20T14:23:20","date_gmt":"2021-01-20T17:23:20","guid":{"rendered":"https:\/\/metrologia2021.org.br\/?page_id=868"},"modified":"2021-08-18T11:36:00","modified_gmt":"2021-08-18T14:36:00","slug":"cbmo","status":"publish","type":"page","link":"https:\/\/metrologia2021.org.br\/?page_id=868","title":{"rendered":"CBMO"},"content":{"rendered":"<p>[vc_row][vc_column][vc_btn title=&#8221;VOLTAR&#8221; align=&#8221;right&#8221; link=&#8221;url:javascript%3Ahistory.back()|||&#8221;][vc_column_text]<\/p>\n<p style=\"text-align: center;\"><strong><img loading=\"lazy\" class=\"lazyload alignnone size-medium wp-image-759\" src=\"data:image\/gif;base64,R0lGODlhAQABAAAAACH5BAEKAAEALAAAAAABAAEAAAICTAEAOw==\" data-src=\"https:\/\/metrologia2021.org.br\/wp-content\/uploads\/2021\/01\/CBMO-2019-300x300.jpg\" alt=\"\" width=\"300\" height=\"300\" data-srcset=\"https:\/\/metrologia2021.org.br\/wp-content\/uploads\/2021\/01\/CBMO-2019-300x300.jpg 300w, https:\/\/metrologia2021.org.br\/wp-content\/uploads\/2021\/01\/CBMO-2019-150x150.jpg 150w, https:\/\/metrologia2021.org.br\/wp-content\/uploads\/2021\/01\/CBMO-2019-768x765.jpg 768w, https:\/\/metrologia2021.org.br\/wp-content\/uploads\/2021\/01\/CBMO-2019-144x144.jpg 144w, https:\/\/metrologia2021.org.br\/wp-content\/uploads\/2021\/01\/CBMO-2019.jpg 890w\" data-sizes=\"(max-width: 300px) 100vw, 300px\" \/><\/strong><\/p>\n<p>A quarta edi\u00e7\u00e3o do Congresso Brasileiro de Metrologia \u00d3ptica ser\u00e1 dedicado aos temas tratados pela Comiss\u00e3o Internacional de Ilumina\u00e7\u00e3o\u00a0 (Comission Internationale de l&#8217;Eclairage), conhecida como CIE.<\/p>\n<p>A CIE \u00e9 uma entidade internacional independente, sem fins lucrativos, e sediada em Viena (\u00c1ustria). A origem remonta ao ano de 1913, quando substituiu a Comiss\u00e3o Internacional de Fotometria (C.I.F.), que havia sido fundada em 1900 (Zurique\/Sui\u00e7a) com o objetivo de harmonizar internacionalmente os crit\u00e9rios de medi\u00e7\u00e3o fotom\u00e9trica para a ilumina\u00e7\u00e3o a g\u00e1s. A funda\u00e7\u00e3o da CIE foi necess\u00e1ria para incorporar novos campos de pesquisa, como a ilumina\u00e7\u00e3o el\u00e9trica, a vis\u00e3o, a luz e a colorimetria.<\/p>\n<p>A CIE \u00e9 reconhecida pela ISO (Organiza\u00e7\u00e3o Internacional de Normaliza\u00e7\u00e3o) e pela IEC (Comiss\u00e3o Eletrot\u00e9cnica Internacional) como uma organiza\u00e7\u00e3o internacional de car\u00e1ter normativo, e \u00e9 a autoridade m\u00e1xima na \u00e1rea da ilumina\u00e7\u00e3o.<\/p>\n<p>Cerca de 60 pa\u00edses membros participam da CIE, por meio de comit\u00eas nacionais ou como membros associados. O comit\u00ea nacional brasileiro (CIE-Brasil) foi estabelecido em 2002 e \u00e9 coordenado pela Divis\u00e3o de Metrologia \u00d3ptica do Inmetro.<\/p>\n<h5>O objetivos da CIE s\u00e3o a coopera\u00e7\u00e3o internacional e o interc\u00e2mbio de informa\u00e7\u00f5es sobre todos os temas relacionados \u00e0 ci\u00eancia e \u00e0 arte da luz e da ilumina\u00e7\u00e3o, cor e vis\u00e3o, fotobiologia e tecnologia de imagem. A CIE \u00e9 organizada em 7 divis\u00f5es, cujos temas ser\u00e3o as \u00e1reas de interesse do IV CBMO e est\u00e3o listadas abaixo:<\/h5>\n<ol>\n<li>Vis\u00e3o e Cor<\/li>\n<li>Medidas de Luz e Radia\u00e7\u00e3o<\/li>\n<li>Ambientes internos e Projetos Luminot\u00e9cnicos<\/li>\n<li>Ilumina\u00e7\u00e3o e Sinaliza\u00e7\u00e3o para Transporte<\/li>\n<li>Ilumina\u00e7\u00e3o Exterior<\/li>\n<li>Fotobiologia e Fotoqu\u00edmica<\/li>\n<\/ol>\n<p><!--<br \/>\n&nbsp;<\/p>\n\n\n\n\n<p style=\"text-align: left;\"><strong>Radiometria, Fotometria, Colorimetria<\/strong><\/p>\n\n\n\n\n<ul>\n\n\n<li>Medidas de luz e radia\u00e7\u00e3o;<\/li>\n\n\n\n\n<li>Vis\u00e3o e cor;<\/li>\n\n\n\n\n<li>Ilumina\u00e7\u00e3o;<\/li>\n\n\n\n\n<li>Tecnologia de imagem;<\/li>\n\n\n\n\n<li>Fot\u00f4nica;<\/li>\n\n\n<\/ul>\n\n\n\n\n<p><strong>Frequ\u00eancia e Comprimento<\/strong><\/p>\n\n\n\n\n<ul>\n\n\n<li>Medidas prim\u00e1rias de comprimento e frequ\u00eancia;<\/li>\n\n\n\n\n<li>Nanometrologia;<\/li>\n\n\n<\/ul>\n\n\n\n\n<p>-->[\/vc_column_text][vc_btn title=&#8221;Comit\u00ea T\u00e9cnico &#8211; CBMO&#8221; uppercase=&#8221;yes&#8221; link=&#8221;url:https%3A%2F%2Fmetrologia2021.org.br%2F%3Fpage_id%3D1203|title:Comit%C3%AA%20T%C3%A9cnico%20%E2%80%93%20CBMO||&#8221;][vc_text_separator title=&#8221;Comit\u00ea Cient\u00edfico CBMO&#8221; color=&#8221;om-accent-color-3&#8243; add_icon=&#8221;true&#8221;][\/vc_column][\/vc_row][vc_row][vc_column width=&#8221;1\/2&#8243;][vc_column_text]<strong>Ana Paula Dornelles de Alvarenga<\/strong><\/p>\n<p style=\"text-align: left;\"><a href=\"mailto:adalvarenga@inmetro.gov.br\">adalvarenga@inmetro.gov.br<\/a><\/p>\n<p>Inmetro e CIE- Brasil<\/p>\n<hr \/>\n<p><strong>Andr\u00e9 Sardinha<\/strong><\/p>\n<p><a href=\"mailto:assardinha@inmetro.gov.br\">assardinha@inmetro.gov.br<\/a><\/p>\n<p>Inmetro<\/p>\n<hr \/>\n<p><strong>Claudia Amorin<\/strong><\/p>\n<p><a href=\"mailto:clamorim@unb.br\">clamorim@unb.br<\/a><\/p>\n<p>UNB e CIE- Brasil<\/p>\n<hr \/>\n<p><strong>(COORDENADORA) Iakyra Borrakuens Couceiro<\/strong><\/p>\n<p><a href=\"mailto:Ibcouceiro@inmetro.gov.br\">Ibcouceiro@inmetro.gov.br<\/a><\/p>\n<p>Inmetro e CIE- Brasil<\/p>\n<hr \/>\n<p><strong>Ivan Luiz da Silva<\/strong><\/p>\n<p><a href=\"mailto:ilsilva@inmetro.gov.br\">ilsilva@inmetro.gov.br<\/a><\/p>\n<p>Inmetro<\/p>\n<hr \/>\n<p><strong>Ivo \u00c1zara Oliveira<\/strong><\/p>\n<p><a href=\"mailto:iaoliveira@inmetro.gov.br\">iaoliveira@inmetro.gov.br<\/a><\/p>\n<p>Inmetro[\/vc_column_text][\/vc_column][vc_column width=&#8221;1\/2&#8243;][vc_column_text]<strong>Isac Roizenblatt<\/strong><\/p>\n<p><a href=\"mailto:isac.rtt@gmail.com\">isac.rtt@gmail.com<\/a><\/p>\n<p>ABILUX e CIE- Brasil<\/p>\n<hr \/>\n<p><strong>Luciana e S\u00e1 Alves<\/strong><\/p>\n<p><a href=\"mailto:lsalves@inmetro.gov.br\">lsalves@inmetro.gov.br<\/a><\/p>\n<p>Inmetro<\/p>\n<hr \/>\n<p><strong>Paulo Candura<\/strong><\/p>\n<p><a href=\"mailto:pcandura@hotmail.com\">pcandura@hotmail.com<\/a>;<\/p>\n<p>ABNT e CIE- Brasil<\/p>\n<hr \/>\n<p><strong>Thiago Ferreira da Silva<\/strong><\/p>\n<p><a href=\"mailto:tfsilva@inmetro.gov.br\">tfsilva@inmetro.gov.br<\/a><\/p>\n<p>Inmetro<\/p>\n<hr \/>\n<p><strong>Thiago Menegotto<\/strong><\/p>\n<p><a href=\"mailto:tmenegotto@inmetro.gov.br\">tmenegotto@inmetro.gov.br<\/a><\/p>\n<p>Inmetro<\/p>\n<hr \/>\n<p><strong>Willian Sousa<\/strong><\/p>\n<p><a href=\"mailto:wasousa@inmetro.gov.br\">wasousa@inmetro.gov.br<\/a><\/p>\n<p>Inmetro[\/vc_column_text][\/vc_column][\/vc_row][vc_row][vc_column][\/vc_column][\/vc_row]<\/p>\n","protected":false},"excerpt":{"rendered":"<p>[vc_row][vc_column][vc_btn title=&#8221;VOLTAR&#8221; align=&#8221;right&#8221; link=&#8221;url:javascript%3Ahistory.back()|||&#8221;][vc_column_text] A quarta edi\u00e7\u00e3o do Congresso Brasileiro de Metrologia \u00d3ptica ser\u00e1 dedicado aos temas tratados pela Comiss\u00e3o Internacional de Ilumina\u00e7\u00e3o\u00a0 (Comission Internationale&hellip;<\/p>\n<p><a href=\"https:\/\/metrologia2021.org.br\/?page_id=868\" class=\"read-more-link\"><span class=\"read-more-icon\"><\/span>Leia mais<\/a><\/p>\n","protected":false},"author":1,"featured_media":0,"parent":0,"menu_order":0,"comment_status":"closed","ping_status":"closed","template":"","meta":[],"_links":{"self":[{"href":"https:\/\/metrologia2021.org.br\/index.php?rest_route=\/wp\/v2\/pages\/868"}],"collection":[{"href":"https:\/\/metrologia2021.org.br\/index.php?rest_route=\/wp\/v2\/pages"}],"about":[{"href":"https:\/\/metrologia2021.org.br\/index.php?rest_route=\/wp\/v2\/types\/page"}],"author":[{"embeddable":true,"href":"https:\/\/metrologia2021.org.br\/index.php?rest_route=\/wp\/v2\/users\/1"}],"replies":[{"embeddable":true,"href":"https:\/\/metrologia2021.org.br\/index.php?rest_route=%2Fwp%2Fv2%2Fcomments&post=868"}],"version-history":[{"count":13,"href":"https:\/\/metrologia2021.org.br\/index.php?rest_route=\/wp\/v2\/pages\/868\/revisions"}],"predecessor-version":[{"id":1217,"href":"https:\/\/metrologia2021.org.br\/index.php?rest_route=\/wp\/v2\/pages\/868\/revisions\/1217"}],"wp:attachment":[{"href":"https:\/\/metrologia2021.org.br\/index.php?rest_route=%2Fwp%2Fv2%2Fmedia&parent=868"}],"curies":[{"name":"wp","href":"https:\/\/api.w.org\/{rel}","templated":true}]}}