{"id":903,"date":"2021-01-31T04:48:27","date_gmt":"2021-01-31T07:48:27","guid":{"rendered":"https:\/\/metrologia2021.org.br\/?page_id=903"},"modified":"2021-01-31T04:50:14","modified_gmt":"2021-01-31T07:50:14","slug":"formulario-de-inscricao","status":"publish","type":"page","link":"https:\/\/metrologia2021.org.br\/?page_id=903","title":{"rendered":"Formul\u00e1rio de Inscri\u00e7\u00e3o"},"content":{"rendered":"<p>[vc_row][vc_column][vc_raw_html]JTNDaWZyYW1lJTIwc3R5bGUlM0QlMjJ3aWR0aCUzQSUyMDk4JTI1JTNCJTIwaGVpZ2h0JTNBJTIwMjYwMHB4JTNCJTIwYm9yZGVyJTNBJTIwbm9uZSUzQiUyMG1hcmdpbi10b3AlM0ElMjAyMHB4JTNCJTIyJTIwc3JjJTNEJTIyaHR0cHMlM0ElMkYlMkZtZXRyb2xvZ2lhLm9yZy5iciUyRmZvcm0lMkZmb3JtLW1ldHJvbG9naWEyMDIxJTJGJTIyJTIwZnJhbWVib3JkZXIlM0QlMjIwJTIyJTIwc2Nyb2xsaW5nJTNEJTIyeWVzJTIyJTIwYWxpZ24lM0QlMjJtaWRkbGUlMjIlMjBvbmxvYWQlM0QlMjJ3aW5kb3cucGFyZW50LnNjcm9sbFRvJTI4MCUyQzAlMjklMjIlM0UlM0MlMkZpZnJhbWUlM0U=[\/vc_raw_html][\/vc_column][\/vc_row]<\/p>\n","protected":false},"excerpt":{"rendered":"<p>[vc_row][vc_column][vc_raw_html]JTNDaWZyYW1lJTIwc3R5bGUlM0QlMjJ3aWR0aCUzQSUyMDk4JTI1JTNCJTIwaGVpZ2h0JTNBJTIwMjYwMHB4JTNCJTIwYm9yZGVyJTNBJTIwbm9uZSUzQiUyMG1hcmdpbi10b3AlM0ElMjAyMHB4JTNCJTIyJTIwc3JjJTNEJTIyaHR0cHMlM0ElMkYlMkZtZXRyb2xvZ2lhLm9yZy5iciUyRmZvcm0lMkZmb3JtLW1ldHJvbG9naWEyMDIxJTJGJTIyJTIwZnJhbWVib3JkZXIlM0QlMjIwJTIyJTIwc2Nyb2xsaW5nJTNEJTIyeWVzJTIyJTIwYWxpZ24lM0QlMjJtaWRkbGUlMjIlMjBvbmxvYWQlM0QlMjJ3aW5kb3cucGFyZW50LnNjcm9sbFRvJTI4MCUyQzAlMjklMjIlM0UlM0MlMkZpZnJhbWUlM0U=[\/vc_raw_html][\/vc_column][\/vc_row]<\/p>\n","protected":false},"author":1,"featured_media":0,"parent":0,"menu_order":0,"comment_status":"closed","ping_status":"closed","template":"","meta":[],"_links":{"self":[{"href":"https:\/\/metrologia2021.org.br\/index.php?rest_route=\/wp\/v2\/pages\/903"}],"collection":[{"href":"https:\/\/metrologia2021.org.br\/index.php?rest_route=\/wp\/v2\/pages"}],"about":[{"href":"https:\/\/metrologia2021.org.br\/index.php?rest_route=\/wp\/v2\/types\/page"}],"author":[{"embeddable":true,"href":"https:\/\/metrologia2021.org.br\/index.php?rest_route=\/wp\/v2\/users\/1"}],"replies":[{"embeddable":true,"href":"https:\/\/metrologia2021.org.br\/index.php?rest_route=%2Fwp%2Fv2%2Fcomments&post=903"}],"version-history":[{"count":2,"href":"https:\/\/metrologia2021.org.br\/index.php?rest_route=\/wp\/v2\/pages\/903\/revisions"}],"predecessor-version":[{"id":905,"href":"https:\/\/metrologia2021.org.br\/index.php?rest_route=\/wp\/v2\/pages\/903\/revisions\/905"}],"wp:attachment":[{"href":"https:\/\/metrologia2021.org.br\/index.php?rest_route=%2Fwp%2Fv2%2Fmedia&parent=903"}],"curies":[{"name":"wp","href":"https:\/\/api.w.org\/{rel}","templated":true}]}}